{"id":28840,"date":"2019-04-18T11:20:36","date_gmt":"2019-04-18T11:20:36","guid":{"rendered":"http:\/\/demo.sparklewpthemes.com\/constructionlight\/?page_id=3"},"modified":"2024-03-11T11:29:43","modified_gmt":"2024-03-11T10:29:43","slug":"privacy-policy-2","status":"publish","type":"page","link":"https:\/\/magnetic-comms.ch\/fr\/privacy-policy-2\/","title":{"rendered":"Notice de confidentialit\u00e9"},"content":{"rendered":"<div data-elementor-type=\"wp-page\" data-elementor-id=\"28840\" class=\"elementor elementor-28840\">\n\t\t\t\t<div class=\"elementor-element elementor-element-711b3ce0 e-flex e-con-boxed e-con e-parent\" data-id=\"711b3ce0\" data-element_type=\"container\" data-e-type=\"container\">\n\t\t\t\t\t<div class=\"e-con-inner\">\n\t\t\t\t<div class=\"elementor-element elementor-element-104d29ae elementor-widget elementor-widget-text-editor\" data-id=\"104d29ae\" data-element_type=\"widget\" data-e-type=\"widget\" data-widget_type=\"text-editor.default\">\n\t\t\t\t<div class=\"elementor-widget-container\">\n\t\t\t\t\t\t\t\t\t<p><\/p>\n<p><\/p>\n<p>Magnetic Communications, bas\u00e9e \u00e0 Gen\u00e8ve, en Suisse, respecte les normes reconnues du r\u00e8glement g\u00e9n\u00e9ral sur la protection des donn\u00e9es UE 2016\/679 (RGPD) en vigueur \u00e0 partir du 25 mai 2018 et les normes d\u00e9crites dans la loi f\u00e9d\u00e9rale suisse sur la protection des donn\u00e9es (la LPD) (ci-apr\u00e8s d\u00e9nomm\u00e9e \"l\u00e9gislation sur la protection des donn\u00e9es\").<\/p>\n<p>Nous nous engageons \u00e0 ce que les informations personnelles que nous stockons soient exactes, \u00e0 jour, s\u00fbres et s\u00e9curis\u00e9es et nous ne les conserverons pas plus longtemps que n\u00e9cessaire. La pr\u00e9sente notice de confidentialit\u00e9 explique comment nous utilisons les informations personnelles, avec qui nous les partageons et comment nous prot\u00e9geons la vie priv\u00e9e. Cette notice s'applique \u00e0 toutes les donn\u00e9es personnelles collect\u00e9es par Magnetic. Elle concerne les informations obtenues de mani\u00e8re analogique (formulaires, documents, \u00e9crits) et par des moyens technologiques tels que les syst\u00e8mes d'information et le courrier \u00e9lectronique.<\/p>\n<h6>Comment nous utilisons les informations personnelles<\/h6>\n<p>Nous recueillons des informations personnelles par le biais de notre formulaire de contact en ligne et des demandes de renseignements par courrier \u00e9lectronique.<\/p>\n<p>Nous utilisons les informations que vous nous fournissez pour prendre contact avec vous, r\u00e9pondre \u00e0 vos questions et vous envoyer des informations sur nos services.<\/p>\n<h6>Pourquoi collecter et utiliser des informations personnelles ?<\/h6>\n<p>Nous recueillons et utilisons des informations personnelles pour prendre contact avec vous dans le cadre d'un projet que nous effectuons pour vous, et pour vous envoyer des informations sur nos services. Nous le faisons en vertu de bases l\u00e9gales, telles que prescrites par la l\u00e9gislation sur la protection des donn\u00e9es.\u00a0<\/p>\n<h6>Les cat\u00e9gories d'informations personnelles que nous collectons, conservons et partageons sont les suivantes :<\/h6>\n<ul>\n<li>les noms<\/li>\n<li>les adresses \u00e9lectroniques<\/li>\n<li>les num\u00e9ros de t\u00e9l\u00e9phone<\/li>\n<\/ul>\n<h6>S\u00e9curit\u00e9 des donn\u00e9es personnelles<\/h6>\n<p>Lorsque nous stockons et utilisons vos donn\u00e9es \u00e0 caract\u00e8re personnel, nous assurons la s\u00e9curit\u00e9 appropri\u00e9e de vos donn\u00e9es \u00e0 caract\u00e8re personnel, y compris la protection contre le traitement non autoris\u00e9 ou ill\u00e9gal et contre la perte, la destruction ou les dommages accidentels, en utilisant des mesures techniques ou organisationnelles appropri\u00e9es. En outre, nous limitons l'acc\u00e8s \u00e0 ces donn\u00e9es personnelles \u00e0 nos seuls employ\u00e9s. Nous ne partagerons jamais vos donn\u00e9es personnelles, par exemple avec un sous-traitant, sans avoir obtenu au pr\u00e9alable votre consentement.<\/p>\n<h6>Liens<\/h6>\n<p>Notre site web peut contenir des liens vers des sites externes. La pr\u00e9sente notice de confidentialit\u00e9 ne couvre pas la mani\u00e8re dont ces organisations traitent les informations personnelles. Nous ne sommes pas responsables des pratiques de ces sites en mati\u00e8re de protection de la vie priv\u00e9e, \u00e0 l'exception de ceux qui sont d\u00e9tenus et g\u00e9r\u00e9s par Magnetic. Nous encourageons nos utilisateurs \u00e0 \u00eatre attentifs lorsqu'ils quittent notre site et \u00e0 lire les d\u00e9clarations de confidentialit\u00e9 de chaque site web qui recueille des informations personnellement identifiables. Cette d\u00e9claration de confidentialit\u00e9 s'applique uniquement aux informations collect\u00e9es par Magnetic.<\/p>\n<h6>Demande d'acc\u00e8s \u00e0 vos donn\u00e9es personnelles<\/h6>\n<p>En vertu de la l\u00e9gislation sur la protection des donn\u00e9es, toute personne a le droit de demander l'acc\u00e8s aux informations que nous d\u00e9tenons \u00e0 son sujet. Pour demander l'acc\u00e8s \u00e0 vos informations personnelles, veuillez contacter info@magnetic-comms.ch.<\/p>\n<p>Vous disposez \u00e9galement de certains droits suppl\u00e9mentaires, \u00e0 savoir<\/p>\n<ul>\n<li>d'\u00eatre inform\u00e9 de la mani\u00e8re dont nous traitons vos informations personnelles - cet avis de confidentialit\u00e9 sert \u00e0 cette fin, contactez-nous si vous avez des questions ;<\/li>\n<li>de faire corriger vos donn\u00e9es si elles sont inexactes ou incompl\u00e8tes ;<\/li>\n<li>de faire effacer vos informations (droit \u00e0 l'oubli) dans certaines circonstances, par exemple lorsque nous n'en avons plus besoin aux fins pour lesquelles elles ont \u00e9t\u00e9 collect\u00e9es ou que vous avez retir\u00e9 votre consentement ;<\/li>\n<li>de restreindre l'utilisation de vos donn\u00e9es dans certaines circonstances, par exemple lorsque vous nous avez dit que les donn\u00e9es sont inexactes et que nous sommes en train de les v\u00e9rifier. Dans ce cas, nous continuerons \u00e0 stocker vos donn\u00e9es mais nous ne les traiterons plus jusqu'\u00e0 ce que nous ayons v\u00e9rifi\u00e9 et confirm\u00e9 leur inexactitude ;<\/li>\n<li>de s'opposer au traitement de vos donn\u00e9es dans certaines circonstances - par exemple, vous pouvez vous opposer au traitement de vos donn\u00e9es \u00e0 des fins de marketing direct ;<\/li>\n<li>de s'opposer au traitement de donn\u00e9es \u00e0 caract\u00e8re personnel qui est susceptible de causer, ou qui cause, des dommages ou de la d\u00e9tresse.<\/li>\n<\/ul>\n<p><br \/>Si vous avez des inqui\u00e9tudes concernant la mani\u00e8re dont nous collectons ou utilisons vos donn\u00e9es personnelles, vous devez nous en faire part en premier lieu (coordonn\u00e9es ci-dessous).<\/p>\n<p>Vous pouvez \u00e9galement contacter directement l'autorit\u00e9 de surveillance en Suisse :\u00a0<em>Pr\u00e9pos\u00e9 F\u00e9d\u00e9ral \u00e0 la Protection des Donn\u00e9es et \u00e0 la Transparence (PFPDT), Feldeggweg 1, 3003 Berne.<\/em>.<\/p>\n<h6>Contact<\/h6>\n<p>Si vous souhaitez discuter de l'un ou l'autre aspect de la pr\u00e9sente notice de confidentialit\u00e9, veuillez nous contacter \u00e0 l'adresse suivante : info@magnetic-comms.ch.<\/p>\n<p><\/p>\t\t\t\t\t\t\t\t<\/div>\n\t\t\t\t<\/div>\n\t\t\t\t\t<\/div>\n\t\t\t\t<\/div>\n\t\t\t\t<\/div>","protected":false},"excerpt":{"rendered":"<p>Magnetic Communications, based in Geneva, Switzerland, complies with the recognised standards of the General Data Protection Regulation EU 2016\/679 (GDPR) in force as of May&hellip;<\/p>","protected":false},"author":1,"featured_media":0,"parent":0,"menu_order":0,"comment_status":"closed","ping_status":"open","template":"","meta":{"_monsterinsights_skip_tracking":false,"_monsterinsights_sitenote_active":false,"_monsterinsights_sitenote_note":"","_monsterinsights_sitenote_category":0,"footnotes":""},"class_list":["post-28840","page","type-page","status-publish","hentry"],"yoast_head":"<!-- This site is optimized with the Yoast SEO plugin v27.2 - https:\/\/yoast.com\/product\/yoast-seo-wordpress\/ -->\n<title>Privacy Policy - Magnetic Communications<\/title>\n<meta name=\"description\" content=\"Magnetic Communications Privacy Policy\" \/>\n<meta name=\"robots\" content=\"index, follow, max-snippet:-1, max-image-preview:large, max-video-preview:-1\" \/>\n<link rel=\"canonical\" href=\"https:\/\/magnetic-comms.ch\/fr\/privacy-policy-2\/\" \/>\n<meta property=\"og:locale\" content=\"fr_FR\" \/>\n<meta property=\"og:type\" content=\"article\" \/>\n<meta property=\"og:title\" content=\"Privacy Policy - Magnetic Communications\" \/>\n<meta property=\"og:description\" content=\"Magnetic Communications Privacy Policy\" \/>\n<meta property=\"og:url\" content=\"https:\/\/magnetic-comms.ch\/fr\/privacy-policy-2\/\" \/>\n<meta property=\"og:site_name\" content=\"Magnetic Communications\" \/>\n<meta property=\"article:modified_time\" content=\"2024-03-11T10:29:43+00:00\" \/>\n<meta property=\"og:image\" content=\"https:\/\/magnetic-comms.ch\/wp-content\/uploads\/2023\/10\/Logo_1_black_HD-1.png\" \/>\n\t<meta property=\"og:image:width\" content=\"1024\" \/>\n\t<meta property=\"og:image:height\" content=\"1024\" \/>\n\t<meta property=\"og:image:type\" content=\"image\/png\" \/>\n<meta name=\"twitter:card\" content=\"summary_large_image\" \/>\n<meta name=\"twitter:label1\" content=\"Dur\u00e9e de lecture estim\u00e9e\" \/>\n\t<meta name=\"twitter:data1\" content=\"2 minutes\" \/>\n<script type=\"application\/ld+json\" class=\"yoast-schema-graph\">{\"@context\":\"https:\/\/schema.org\",\"@graph\":[{\"@type\":\"WebPage\",\"@id\":\"https:\/\/magnetic-comms.ch\/privacy-policy-2\/\",\"url\":\"https:\/\/magnetic-comms.ch\/privacy-policy-2\/\",\"name\":\"Privacy Policy - Magnetic Communications\",\"isPartOf\":{\"@id\":\"https:\/\/magnetic-comms.ch\/#website\"},\"datePublished\":\"2019-04-18T11:20:36+00:00\",\"dateModified\":\"2024-03-11T10:29:43+00:00\",\"description\":\"Magnetic Communications Privacy Policy\",\"breadcrumb\":{\"@id\":\"https:\/\/magnetic-comms.ch\/privacy-policy-2\/#breadcrumb\"},\"inLanguage\":\"fr-FR\",\"potentialAction\":[{\"@type\":\"ReadAction\",\"target\":[\"https:\/\/magnetic-comms.ch\/privacy-policy-2\/\"]}]},{\"@type\":\"BreadcrumbList\",\"@id\":\"https:\/\/magnetic-comms.ch\/privacy-policy-2\/#breadcrumb\",\"itemListElement\":[{\"@type\":\"ListItem\",\"position\":1,\"name\":\"Home\",\"item\":\"https:\/\/magnetic-comms.ch\/\"},{\"@type\":\"ListItem\",\"position\":2,\"name\":\"Privacy Policy\"}]},{\"@type\":\"WebSite\",\"@id\":\"https:\/\/magnetic-comms.ch\/#website\",\"url\":\"https:\/\/magnetic-comms.ch\/\",\"name\":\"Magnetic Communications\",\"description\":\"Marketing and communications agency in Geneva\",\"publisher\":{\"@id\":\"https:\/\/magnetic-comms.ch\/#organization\"},\"alternateName\":\"Magnetic\",\"inLanguage\":\"fr-FR\"},{\"@type\":\"Organization\",\"@id\":\"https:\/\/magnetic-comms.ch\/#organization\",\"name\":\"Magnetic Communications\",\"alternateName\":\"Magnetic\",\"url\":\"https:\/\/magnetic-comms.ch\/\",\"logo\":{\"@type\":\"ImageObject\",\"inLanguage\":\"fr-FR\",\"@id\":\"https:\/\/magnetic-comms.ch\/#\/schema\/logo\/image\/\",\"url\":\"https:\/\/magnetic-comms.ch\/wp-content\/uploads\/2023\/10\/cropped-cropped-cropped-Logo_1_black-1-1.png\",\"contentUrl\":\"https:\/\/magnetic-comms.ch\/wp-content\/uploads\/2023\/10\/cropped-cropped-cropped-Logo_1_black-1-1.png\",\"width\":200,\"height\":200,\"caption\":\"Magnetic Communications\"},\"image\":{\"@id\":\"https:\/\/magnetic-comms.ch\/#\/schema\/logo\/image\/\"},\"sameAs\":[\"https:\/\/www.linkedin.com\/company\/magnetic-communications\/\"]}]}<\/script>\n<!-- \/ Yoast SEO plugin. -->","yoast_head_json":{"title":"Privacy Policy - Magnetic Communications","description":"Magnetic Communications Privacy Policy","robots":{"index":"index","follow":"follow","max-snippet":"max-snippet:-1","max-image-preview":"max-image-preview:large","max-video-preview":"max-video-preview:-1"},"canonical":"https:\/\/magnetic-comms.ch\/fr\/privacy-policy-2\/","og_locale":"fr_FR","og_type":"article","og_title":"Privacy Policy - Magnetic Communications","og_description":"Magnetic Communications Privacy Policy","og_url":"https:\/\/magnetic-comms.ch\/fr\/privacy-policy-2\/","og_site_name":"Magnetic Communications","article_modified_time":"2024-03-11T10:29:43+00:00","og_image":[{"width":1024,"height":1024,"url":"https:\/\/magnetic-comms.ch\/wp-content\/uploads\/2023\/10\/Logo_1_black_HD-1.png","type":"image\/png"}],"twitter_card":"summary_large_image","twitter_misc":{"Dur\u00e9e de lecture estim\u00e9e":"2 minutes"},"schema":{"@context":"https:\/\/schema.org","@graph":[{"@type":"WebPage","@id":"https:\/\/magnetic-comms.ch\/privacy-policy-2\/","url":"https:\/\/magnetic-comms.ch\/privacy-policy-2\/","name":"Privacy Policy - Magnetic Communications","isPartOf":{"@id":"https:\/\/magnetic-comms.ch\/#website"},"datePublished":"2019-04-18T11:20:36+00:00","dateModified":"2024-03-11T10:29:43+00:00","description":"Magnetic Communications Privacy Policy","breadcrumb":{"@id":"https:\/\/magnetic-comms.ch\/privacy-policy-2\/#breadcrumb"},"inLanguage":"fr-FR","potentialAction":[{"@type":"ReadAction","target":["https:\/\/magnetic-comms.ch\/privacy-policy-2\/"]}]},{"@type":"BreadcrumbList","@id":"https:\/\/magnetic-comms.ch\/privacy-policy-2\/#breadcrumb","itemListElement":[{"@type":"ListItem","position":1,"name":"Home","item":"https:\/\/magnetic-comms.ch\/"},{"@type":"ListItem","position":2,"name":"Privacy Policy"}]},{"@type":"WebSite","@id":"https:\/\/magnetic-comms.ch\/#website","url":"https:\/\/magnetic-comms.ch\/","name":"Magnetic Communications","description":"Agence de marketing et communication \u00e0 Gen\u00e8ve","publisher":{"@id":"https:\/\/magnetic-comms.ch\/#organization"},"alternateName":"Magnetic","inLanguage":"fr-FR"},{"@type":"Organization","@id":"https:\/\/magnetic-comms.ch\/#organization","name":"Magnetic Communications","alternateName":"Magnetic","url":"https:\/\/magnetic-comms.ch\/","logo":{"@type":"ImageObject","inLanguage":"fr-FR","@id":"https:\/\/magnetic-comms.ch\/#\/schema\/logo\/image\/","url":"https:\/\/magnetic-comms.ch\/wp-content\/uploads\/2023\/10\/cropped-cropped-cropped-Logo_1_black-1-1.png","contentUrl":"https:\/\/magnetic-comms.ch\/wp-content\/uploads\/2023\/10\/cropped-cropped-cropped-Logo_1_black-1-1.png","width":200,"height":200,"caption":"Magnetic Communications"},"image":{"@id":"https:\/\/magnetic-comms.ch\/#\/schema\/logo\/image\/"},"sameAs":["https:\/\/www.linkedin.com\/company\/magnetic-communications\/"]}]}},"_links":{"self":[{"href":"https:\/\/magnetic-comms.ch\/fr\/wp-json\/wp\/v2\/pages\/28840","targetHints":{"allow":["GET"]}}],"collection":[{"href":"https:\/\/magnetic-comms.ch\/fr\/wp-json\/wp\/v2\/pages"}],"about":[{"href":"https:\/\/magnetic-comms.ch\/fr\/wp-json\/wp\/v2\/types\/page"}],"author":[{"embeddable":true,"href":"https:\/\/magnetic-comms.ch\/fr\/wp-json\/wp\/v2\/users\/1"}],"replies":[{"embeddable":true,"href":"https:\/\/magnetic-comms.ch\/fr\/wp-json\/wp\/v2\/comments?post=28840"}],"version-history":[{"count":9,"href":"https:\/\/magnetic-comms.ch\/fr\/wp-json\/wp\/v2\/pages\/28840\/revisions"}],"predecessor-version":[{"id":30119,"href":"https:\/\/magnetic-comms.ch\/fr\/wp-json\/wp\/v2\/pages\/28840\/revisions\/30119"}],"wp:attachment":[{"href":"https:\/\/magnetic-comms.ch\/fr\/wp-json\/wp\/v2\/media?parent=28840"}],"curies":[{"name":"wp","href":"https:\/\/api.w.org\/{rel}","templated":true}]}}