{"id":29628,"date":"2024-02-07T13:25:49","date_gmt":"2024-02-07T12:25:49","guid":{"rendered":"https:\/\/magnetic-comms.ch\/?page_id=29628"},"modified":"2024-05-02T09:19:56","modified_gmt":"2024-05-02T07:19:56","slug":"marketing-communications-education","status":"publish","type":"page","link":"https:\/\/magnetic-comms.ch\/fr\/marketing-communications-education\/","title":{"rendered":"Secteur \u00e9ducatif"},"content":{"rendered":"<div data-elementor-type=\"wp-page\" data-elementor-id=\"29628\" class=\"elementor elementor-29628\">\n\t\t\t\t<div class=\"elementor-element elementor-element-1ee52e0e e-flex e-con-boxed e-con e-parent\" data-id=\"1ee52e0e\" data-element_type=\"container\" data-e-type=\"container\">\n\t\t\t\t\t<div class=\"e-con-inner\">\n\t\t\t\t<div class=\"elementor-element elementor-element-75d93ed8 elementor-widget elementor-widget-text-editor\" data-id=\"75d93ed8\" data-element_type=\"widget\" data-e-type=\"widget\" data-widget_type=\"text-editor.default\">\n\t\t\t\t<div class=\"elementor-widget-container\">\n\t\t\t\t\t\t\t\t\t<p>Nous avons une passion particuli\u00e8re pour l'\u00e9ducation et une grande exp\u00e9rience de ce secteur, qui pr\u00e9sente ses propres d\u00e9fis en termes de marketing et de communication.<\/p><p>Nos services comprennent :<\/p><h6><strong>Strat\u00e9gie de marketing, de communication et d\u2019admission<\/strong><\/h6><p>nous vous aidons \u00e0 faire les bons choix pour vous d\u00e9marquer au sein d\u2019un march\u00e9 tr\u00e8s comp\u00e9titif. Vous pourrez ainsi attirer et fid\u00e9liser les \u00e9l\u00e8ves en tenant compte de vos contraintes en termes de ressources humaines et de budget.<\/p><h6><strong>Audit du marketing et des admissions<\/strong><\/h6><p>nous utilisons diverses techniques et approches pour identifier les opportunit\u00e9s d\u2019am\u00e9lioration de vos performances, depuis la sensibilisation du public \u00e0 votre marque jusqu\u2019\u00e0 la fid\u00e9lisation des \u00e9l\u00e8ves. Cela peut inclure des \u00e9tudes bas\u00e9es sur les chiffres du secteur, des analyses de donn\u00e9es, des entretiens en personne avec des membres cl\u00e9s du personnel et l\u2019utilisation de clients myst\u00e8res afin de comprendre le v\u00e9cu de votre client\u00e8le.<\/p><h6><strong>Analyse de satisfaction<\/strong><\/h6><p>ensemble, nous \u00e9laborons, r\u00e9alisons et analysons un sondage sur-mesure et\/ou des groupes de discussion. L\u2019objectif est de vous permettre de comprendre ce qui est per\u00e7u comme un point fort dans votre \u00e9cole, ce que vous devriez impl\u00e9menter ou, au contraire, ce \u00e0 quoi vous devriez renoncer afin d\u2019am\u00e9liorer la satisfaction des parents.<\/p><h6><strong>Analyse des r\u00e9ticences<\/strong><\/h6><p>nous cherchons \u00e0 savoir quels sont les \u00e9l\u00e9ments qui poussent certains parents \u00e0 ne pas choisir votre \u00e9cole.<\/p>\t\t\t\t\t\t\t\t<\/div>\n\t\t\t\t<\/div>\n\t\t\t\t<div class=\"elementor-element elementor-element-3de847c elementor-widget elementor-widget-image\" data-id=\"3de847c\" data-element_type=\"widget\" data-e-type=\"widget\" data-widget_type=\"image.default\">\n\t\t\t\t<div class=\"elementor-widget-container\">\n\t\t\t\t\t\t\t\t\t\t\t\t\t\t\t<img fetchpriority=\"high\" decoding=\"async\" width=\"1584\" height=\"438\" src=\"https:\/\/magnetic-comms.ch\/wp-content\/uploads\/2024\/02\/zgq9oxecyqi-e1708598510958.jpg\" class=\"attachment-full size-full wp-image-29908\" alt=\"parents and child looking at a computer marketing for the education sector\" srcset=\"https:\/\/magnetic-comms.ch\/wp-content\/uploads\/2024\/02\/zgq9oxecyqi-e1708598510958.jpg 1584w, https:\/\/magnetic-comms.ch\/wp-content\/uploads\/2024\/02\/zgq9oxecyqi-e1708598510958-300x83.jpg 300w, https:\/\/magnetic-comms.ch\/wp-content\/uploads\/2024\/02\/zgq9oxecyqi-e1708598510958-1024x283.jpg 1024w, https:\/\/magnetic-comms.ch\/wp-content\/uploads\/2024\/02\/zgq9oxecyqi-e1708598510958-768x212.jpg 768w, https:\/\/magnetic-comms.ch\/wp-content\/uploads\/2024\/02\/zgq9oxecyqi-e1708598510958-1536x425.jpg 1536w\" sizes=\"(max-width: 1584px) 100vw, 1584px\" \/>\t\t\t\t\t\t\t\t\t\t\t\t\t\t\t<\/div>\n\t\t\t\t<\/div>\n\t\t\t\t<div class=\"elementor-element elementor-element-95e229e elementor-widget elementor-widget-text-editor\" data-id=\"95e229e\" data-element_type=\"widget\" data-e-type=\"widget\" data-widget_type=\"text-editor.default\">\n\t\t\t\t<div class=\"elementor-widget-container\">\n\t\t\t\t\t\t\t\t\t<h6><strong>Optimisation de sites internets<\/strong><\/h6>\n<p>nous proc\u00e9dons \u00e0 une analyse de votre site actuel et de ses performances afin d\u2019identifier les aspects \u00e0 am\u00e9liorer, que ce soit en termes de navigation, de r\u00e9daction, de contenu audiovisuel ou de m\u00e9ta-donn\u00e9es. Si vous envisagez de cr\u00e9er un nouveau site, nous pouvons vous aider \u00e0 identifier l\u2019agence la plus comp\u00e9tente pour r\u00e9aliser sa construction, g\u00e9rer le projet depuis le brief jusqu\u2019au lancement et prendre en charge la cr\u00e9ation du contenu, la traduction et la mise en ligne.<\/p>\n<h6><strong>R\u00e9seaux sociaux<\/strong><\/h6>\n<p>une solide pr\u00e9sence sur les r\u00e9seaux sociaux est un \u00e9l\u00e9ment incontournable de la communication d\u2019une \u00e9cole. Apr\u00e8s une \u00e9valuation de vos performances actuelles, nous vous conseillerons sur la strat\u00e9gie \u00e0 adopter et vous assisterons dans l\u2019\u00e9laboration d\u2019un calendrier \u00e9ditorial. En outre, nous proposons \u00e0 vos \u00e9quipes une formation sur les bonnes pratiques en la mati\u00e8re. Vous n\u2019avez pas les ressources en interne ? Nous pouvons g\u00e9rer nous-m\u00eames vos r\u00e9seaux sociaux !<\/p>\n<h6><strong>Cr\u00e9ation de contenus digitaux<\/strong><\/h6>\n<p>votre \u00e9cole doit \u00eatre pr\u00e9sent\u00e9e sous son meilleur jour \u00e0 travers l\u2019usage de photographies, vid\u00e9os, textes ou graphismes. Nous prenons en main votre projet de A \u00e0 Z et mandatons les professionnels adapt\u00e9s pour ex\u00e9cuter le brief que nous aurons \u00e9labor\u00e9 ensemble. Nous g\u00e9rons l\u2019ensemble du projet, l\u2019\u00e9criture du script, les droits \u00e0 l\u2019image, les licences musicales, etc.<\/p>\n<h6><strong>Communication de crise<\/strong><\/h6>\n<p>lorsqu\u2019un \u00e9v\u00e9nement malencontreux survient, il est crucial de communiquer de mani\u00e8re rapide et claire. Nous avons une solide exp\u00e9rience en gestion de crises vari\u00e9es telles que des urgences m\u00e9dicales, des alertes \u00e0 la bombe, des menaces d\u2019intrusion, le d\u00e9c\u00e8s de membres du personnel ou d\u2019\u00e9l\u00e8ves, des probl\u00e8mes d\u2019accr\u00e9ditation, les relations avec le personnel ou des situations impliquant la protection de l\u2019enfant. Nous avons \u00e0 c\u0153ur de vous aider \u00e0 informer et rassurer votre communaut\u00e9 scolaire au moyen de messages soigneusement r\u00e9dig\u00e9s et, au besoin, \u00e0 g\u00e9rer les relations avec les m\u00e9dias.<\/p>\n<h6><strong>Activit\u00e9s extrascolaires<\/strong><\/h6>\n<p>gr\u00e2ce \u00e0 notre exp\u00e9rience en mati\u00e8re d\u2019activit\u00e9s non acad\u00e9miques telles que les camps de vacances, le sport, la musique, les arts de la sc\u00e8ne et les disciplines STIM, nous vous conseillons sur la meilleure mani\u00e8re de structurer, pourvoir en personnel et promouvoir votre programme d\u2019activit\u00e9s extrascolaires.<\/p>\n<h6><strong>Relations avec les alumni<\/strong><\/h6>\n<p>garder le contact avec vos anciens \u00e9l\u00e8ves et membres du personnel est tr\u00e8s important pour le dynamisme de votre \u00e9cole. Nous vous aidons \u00e0 cr\u00e9er et mettre en oeuvre un programme de communication et d\u2019\u00e9v\u00e9nements \u00e0 l\u2019intention de votre communaut\u00e9 d\u2019alumni.<\/p>\t\t\t\t\t\t\t\t<\/div>\n\t\t\t\t<\/div>\n\t\t\t\t<div class=\"elementor-element elementor-element-b0c0212 elementor-widget elementor-widget-image\" data-id=\"b0c0212\" data-element_type=\"widget\" data-e-type=\"widget\" data-widget_type=\"image.default\">\n\t\t\t\t<div class=\"elementor-widget-container\">\n\t\t\t\t\t\t\t\t\t\t\t\t\t\t\t<img decoding=\"async\" width=\"1584\" height=\"438\" src=\"https:\/\/magnetic-comms.ch\/wp-content\/uploads\/2024\/02\/yidkwynjdsk-e1708598302220.jpg\" class=\"attachment-full size-full wp-image-29907\" alt=\"group of alumni in black academic dress\" srcset=\"https:\/\/magnetic-comms.ch\/wp-content\/uploads\/2024\/02\/yidkwynjdsk-e1708598302220.jpg 1584w, https:\/\/magnetic-comms.ch\/wp-content\/uploads\/2024\/02\/yidkwynjdsk-e1708598302220-300x83.jpg 300w, https:\/\/magnetic-comms.ch\/wp-content\/uploads\/2024\/02\/yidkwynjdsk-e1708598302220-1024x283.jpg 1024w, https:\/\/magnetic-comms.ch\/wp-content\/uploads\/2024\/02\/yidkwynjdsk-e1708598302220-768x212.jpg 768w, https:\/\/magnetic-comms.ch\/wp-content\/uploads\/2024\/02\/yidkwynjdsk-e1708598302220-1536x425.jpg 1536w\" sizes=\"(max-width: 1584px) 100vw, 1584px\" \/>\t\t\t\t\t\t\t\t\t\t\t\t\t\t\t<\/div>\n\t\t\t\t<\/div>\n\t\t\t\t\t<\/div>\n\t\t\t\t<\/div>\n\t\t\t\t<\/div>","protected":false},"excerpt":{"rendered":"<p>At Magnetic, we have a particular passion for education and extensive experience working for this sector, which presents its very own set of challenges in&hellip;<\/p>","protected":false},"author":1,"featured_media":29623,"parent":0,"menu_order":0,"comment_status":"closed","ping_status":"closed","template":"template-pagebuilder.php","meta":{"_monsterinsights_skip_tracking":false,"_monsterinsights_sitenote_active":false,"_monsterinsights_sitenote_note":"","_monsterinsights_sitenote_category":0,"footnotes":""},"class_list":["post-29628","page","type-page","status-publish","has-post-thumbnail","hentry"],"yoast_head":"<!-- This site is optimized with the Yoast SEO plugin v27.2 - https:\/\/yoast.com\/product\/yoast-seo-wordpress\/ -->\n<title>Education sector marketing - Magnetic Communications<\/title>\n<meta name=\"description\" content=\"With over 15 years combined education sector experience, we specialise in marketing for schools, colleges and extra curricular programmes.\" \/>\n<meta name=\"robots\" content=\"index, follow, max-snippet:-1, max-image-preview:large, max-video-preview:-1\" \/>\n<link rel=\"canonical\" href=\"https:\/\/magnetic-comms.ch\/fr\/marketing-communications-education\/\" \/>\n<meta property=\"og:locale\" content=\"fr_FR\" \/>\n<meta property=\"og:type\" content=\"article\" \/>\n<meta property=\"og:title\" content=\"Education sector marketing - Magnetic Communications\" \/>\n<meta property=\"og:description\" content=\"With over 15 years combined education sector experience, we specialise in marketing for schools, colleges and extra curricular programmes.\" \/>\n<meta property=\"og:url\" content=\"https:\/\/magnetic-comms.ch\/fr\/marketing-communications-education\/\" \/>\n<meta property=\"og:site_name\" content=\"Magnetic Communications\" \/>\n<meta property=\"article:modified_time\" content=\"2024-05-02T07:19:56+00:00\" \/>\n<meta property=\"og:image\" content=\"https:\/\/magnetic-comms.ch\/wp-content\/uploads\/2024\/02\/2lj4rqk2qfu-e1709724870394.webp\" \/>\n\t<meta property=\"og:image:width\" content=\"350\" \/>\n\t<meta property=\"og:image:height\" content=\"373\" \/>\n\t<meta property=\"og:image:type\" content=\"image\/webp\" \/>\n<meta name=\"twitter:card\" content=\"summary_large_image\" \/>\n<meta name=\"twitter:label1\" content=\"Dur\u00e9e de lecture estim\u00e9e\" \/>\n\t<meta name=\"twitter:data1\" content=\"3 minutes\" \/>\n<script type=\"application\/ld+json\" class=\"yoast-schema-graph\">{\"@context\":\"https:\/\/schema.org\",\"@graph\":[{\"@type\":\"WebPage\",\"@id\":\"https:\/\/magnetic-comms.ch\/marketing-communications-education\/\",\"url\":\"https:\/\/magnetic-comms.ch\/marketing-communications-education\/\",\"name\":\"Education sector marketing - Magnetic Communications\",\"isPartOf\":{\"@id\":\"https:\/\/magnetic-comms.ch\/#website\"},\"primaryImageOfPage\":{\"@id\":\"https:\/\/magnetic-comms.ch\/marketing-communications-education\/#primaryimage\"},\"image\":{\"@id\":\"https:\/\/magnetic-comms.ch\/marketing-communications-education\/#primaryimage\"},\"thumbnailUrl\":\"https:\/\/magnetic-comms.ch\/wp-content\/uploads\/2024\/02\/2lj4rqk2qfu-e1709724870394.webp\",\"datePublished\":\"2024-02-07T12:25:49+00:00\",\"dateModified\":\"2024-05-02T07:19:56+00:00\",\"description\":\"With over 15 years combined education sector experience, we specialise in marketing for schools, colleges and extra curricular programmes.\",\"breadcrumb\":{\"@id\":\"https:\/\/magnetic-comms.ch\/marketing-communications-education\/#breadcrumb\"},\"inLanguage\":\"fr-FR\",\"potentialAction\":[{\"@type\":\"ReadAction\",\"target\":[\"https:\/\/magnetic-comms.ch\/marketing-communications-education\/\"]}]},{\"@type\":\"ImageObject\",\"inLanguage\":\"fr-FR\",\"@id\":\"https:\/\/magnetic-comms.ch\/marketing-communications-education\/#primaryimage\",\"url\":\"https:\/\/magnetic-comms.ch\/wp-content\/uploads\/2024\/02\/2lj4rqk2qfu-e1709724870394.webp\",\"contentUrl\":\"https:\/\/magnetic-comms.ch\/wp-content\/uploads\/2024\/02\/2lj4rqk2qfu-e1709724870394.webp\",\"width\":350,\"height\":373,\"caption\":\"pile of color pencils\"},{\"@type\":\"BreadcrumbList\",\"@id\":\"https:\/\/magnetic-comms.ch\/marketing-communications-education\/#breadcrumb\",\"itemListElement\":[{\"@type\":\"ListItem\",\"position\":1,\"name\":\"Home\",\"item\":\"https:\/\/magnetic-comms.ch\/\"},{\"@type\":\"ListItem\",\"position\":2,\"name\":\"Education sector marketing\"}]},{\"@type\":\"WebSite\",\"@id\":\"https:\/\/magnetic-comms.ch\/#website\",\"url\":\"https:\/\/magnetic-comms.ch\/\",\"name\":\"Magnetic Communications\",\"description\":\"Marketing and communications agency in Geneva\",\"publisher\":{\"@id\":\"https:\/\/magnetic-comms.ch\/#organization\"},\"alternateName\":\"Magnetic\",\"inLanguage\":\"fr-FR\"},{\"@type\":\"Organization\",\"@id\":\"https:\/\/magnetic-comms.ch\/#organization\",\"name\":\"Magnetic Communications\",\"alternateName\":\"Magnetic\",\"url\":\"https:\/\/magnetic-comms.ch\/\",\"logo\":{\"@type\":\"ImageObject\",\"inLanguage\":\"fr-FR\",\"@id\":\"https:\/\/magnetic-comms.ch\/#\/schema\/logo\/image\/\",\"url\":\"https:\/\/magnetic-comms.ch\/wp-content\/uploads\/2023\/10\/cropped-cropped-cropped-Logo_1_black-1-1.png\",\"contentUrl\":\"https:\/\/magnetic-comms.ch\/wp-content\/uploads\/2023\/10\/cropped-cropped-cropped-Logo_1_black-1-1.png\",\"width\":200,\"height\":200,\"caption\":\"Magnetic Communications\"},\"image\":{\"@id\":\"https:\/\/magnetic-comms.ch\/#\/schema\/logo\/image\/\"},\"sameAs\":[\"https:\/\/www.linkedin.com\/company\/magnetic-communications\/\"]}]}<\/script>\n<!-- \/ Yoast SEO plugin. -->","yoast_head_json":{"title":"Education sector marketing - Magnetic Communications","description":"With over 15 years combined education sector experience, we specialise in marketing for schools, colleges and extra curricular programmes.","robots":{"index":"index","follow":"follow","max-snippet":"max-snippet:-1","max-image-preview":"max-image-preview:large","max-video-preview":"max-video-preview:-1"},"canonical":"https:\/\/magnetic-comms.ch\/fr\/marketing-communications-education\/","og_locale":"fr_FR","og_type":"article","og_title":"Education sector marketing - Magnetic Communications","og_description":"With over 15 years combined education sector experience, we specialise in marketing for schools, colleges and extra curricular programmes.","og_url":"https:\/\/magnetic-comms.ch\/fr\/marketing-communications-education\/","og_site_name":"Magnetic Communications","article_modified_time":"2024-05-02T07:19:56+00:00","og_image":[{"width":350,"height":373,"url":"https:\/\/magnetic-comms.ch\/wp-content\/uploads\/2024\/02\/2lj4rqk2qfu-e1709724870394.webp","type":"image\/webp"}],"twitter_card":"summary_large_image","twitter_misc":{"Dur\u00e9e de lecture estim\u00e9e":"3 minutes"},"schema":{"@context":"https:\/\/schema.org","@graph":[{"@type":"WebPage","@id":"https:\/\/magnetic-comms.ch\/marketing-communications-education\/","url":"https:\/\/magnetic-comms.ch\/marketing-communications-education\/","name":"Education sector marketing - Magnetic Communications","isPartOf":{"@id":"https:\/\/magnetic-comms.ch\/#website"},"primaryImageOfPage":{"@id":"https:\/\/magnetic-comms.ch\/marketing-communications-education\/#primaryimage"},"image":{"@id":"https:\/\/magnetic-comms.ch\/marketing-communications-education\/#primaryimage"},"thumbnailUrl":"https:\/\/magnetic-comms.ch\/wp-content\/uploads\/2024\/02\/2lj4rqk2qfu-e1709724870394.webp","datePublished":"2024-02-07T12:25:49+00:00","dateModified":"2024-05-02T07:19:56+00:00","description":"With over 15 years combined education sector experience, we specialise in marketing for schools, colleges and extra curricular programmes.","breadcrumb":{"@id":"https:\/\/magnetic-comms.ch\/marketing-communications-education\/#breadcrumb"},"inLanguage":"fr-FR","potentialAction":[{"@type":"ReadAction","target":["https:\/\/magnetic-comms.ch\/marketing-communications-education\/"]}]},{"@type":"ImageObject","inLanguage":"fr-FR","@id":"https:\/\/magnetic-comms.ch\/marketing-communications-education\/#primaryimage","url":"https:\/\/magnetic-comms.ch\/wp-content\/uploads\/2024\/02\/2lj4rqk2qfu-e1709724870394.webp","contentUrl":"https:\/\/magnetic-comms.ch\/wp-content\/uploads\/2024\/02\/2lj4rqk2qfu-e1709724870394.webp","width":350,"height":373,"caption":"pile of color pencils"},{"@type":"BreadcrumbList","@id":"https:\/\/magnetic-comms.ch\/marketing-communications-education\/#breadcrumb","itemListElement":[{"@type":"ListItem","position":1,"name":"Home","item":"https:\/\/magnetic-comms.ch\/"},{"@type":"ListItem","position":2,"name":"Education sector marketing"}]},{"@type":"WebSite","@id":"https:\/\/magnetic-comms.ch\/#website","url":"https:\/\/magnetic-comms.ch\/","name":"Magnetic Communications","description":"Agence de marketing et communication \u00e0 Gen\u00e8ve","publisher":{"@id":"https:\/\/magnetic-comms.ch\/#organization"},"alternateName":"Magnetic","inLanguage":"fr-FR"},{"@type":"Organization","@id":"https:\/\/magnetic-comms.ch\/#organization","name":"Magnetic Communications","alternateName":"Magnetic","url":"https:\/\/magnetic-comms.ch\/","logo":{"@type":"ImageObject","inLanguage":"fr-FR","@id":"https:\/\/magnetic-comms.ch\/#\/schema\/logo\/image\/","url":"https:\/\/magnetic-comms.ch\/wp-content\/uploads\/2023\/10\/cropped-cropped-cropped-Logo_1_black-1-1.png","contentUrl":"https:\/\/magnetic-comms.ch\/wp-content\/uploads\/2023\/10\/cropped-cropped-cropped-Logo_1_black-1-1.png","width":200,"height":200,"caption":"Magnetic Communications"},"image":{"@id":"https:\/\/magnetic-comms.ch\/#\/schema\/logo\/image\/"},"sameAs":["https:\/\/www.linkedin.com\/company\/magnetic-communications\/"]}]}},"_links":{"self":[{"href":"https:\/\/magnetic-comms.ch\/fr\/wp-json\/wp\/v2\/pages\/29628","targetHints":{"allow":["GET"]}}],"collection":[{"href":"https:\/\/magnetic-comms.ch\/fr\/wp-json\/wp\/v2\/pages"}],"about":[{"href":"https:\/\/magnetic-comms.ch\/fr\/wp-json\/wp\/v2\/types\/page"}],"author":[{"embeddable":true,"href":"https:\/\/magnetic-comms.ch\/fr\/wp-json\/wp\/v2\/users\/1"}],"replies":[{"embeddable":true,"href":"https:\/\/magnetic-comms.ch\/fr\/wp-json\/wp\/v2\/comments?post=29628"}],"version-history":[{"count":54,"href":"https:\/\/magnetic-comms.ch\/fr\/wp-json\/wp\/v2\/pages\/29628\/revisions"}],"predecessor-version":[{"id":30224,"href":"https:\/\/magnetic-comms.ch\/fr\/wp-json\/wp\/v2\/pages\/29628\/revisions\/30224"}],"wp:featuredmedia":[{"embeddable":true,"href":"https:\/\/magnetic-comms.ch\/fr\/wp-json\/wp\/v2\/media\/29623"}],"wp:attachment":[{"href":"https:\/\/magnetic-comms.ch\/fr\/wp-json\/wp\/v2\/media?parent=29628"}],"curies":[{"name":"wp","href":"https:\/\/api.w.org\/{rel}","templated":true}]}}