{"id":30306,"date":"2026-02-18T11:01:47","date_gmt":"2026-02-18T10:01:47","guid":{"rendered":"https:\/\/magnetic-comms.ch\/?page_id=30306"},"modified":"2026-02-18T11:40:55","modified_gmt":"2026-02-18T10:40:55","slug":"executive-search-for-schools","status":"publish","type":"page","link":"https:\/\/magnetic-comms.ch\/fr\/executive-search-for-schools\/","title":{"rendered":"Recrutement pour les \u00e9coles"},"content":{"rendered":"<div data-elementor-type=\"wp-page\" data-elementor-id=\"30306\" class=\"elementor elementor-30306\">\n\t\t\t\t<div class=\"elementor-element elementor-element-53130681 e-flex e-con-boxed e-con e-parent\" data-id=\"53130681\" data-element_type=\"container\" data-e-type=\"container\">\n\t\t\t\t\t<div class=\"e-con-inner\">\n\t\t\t\t<div class=\"elementor-element elementor-element-620a51a6 elementor-widget elementor-widget-text-editor\" data-id=\"620a51a6\" data-element_type=\"widget\" data-e-type=\"widget\" data-widget_type=\"text-editor.default\">\n\t\t\t\t<div class=\"elementor-widget-container\">\n\t\t\t\t\t\t\t\t\t<p>Trouver les bons dirigeants est l'une des d\u00e9cisions les plus importantes qu'un \u00e9tablissement scolaire ait \u00e0 prendre. Notre processus de recrutement repose sur une connaissance approfondie du secteur, la discr\u00e9tion et le partenariat. Nous travaillons en \u00e9troite collaboration avec les instances dirigeantes et les \u00e9quipes de direction afin de comprendre la culture, les priorit\u00e9s strat\u00e9giques et la vision \u00e0 long terme de chaque \u00e9tablissement.<\/p><p>De la d\u00e9finition du profil du poste \u00e0 la gestion des contacts confidentiels, en passant par la pr\u00e9s\u00e9lection des candidats, l'accompagnement du conseil d'administration tout au long du processus de recrutement et l'orientation des d\u00e9cisions finales de nomination, nous veillons \u00e0 ce que chaque \u00e9tape soit trait\u00e9e avec professionnalisme et soin.<\/p>\t\t\t\t\t\t\t\t<\/div>\n\t\t\t\t<\/div>\n\t\t\t\t\t<\/div>\n\t\t\t\t<\/div>\n\t\t<div class=\"elementor-element elementor-element-e947deb e-flex e-con-boxed e-con e-parent\" data-id=\"e947deb\" data-element_type=\"container\" data-e-type=\"container\">\n\t\t\t\t\t<div class=\"e-con-inner\">\n\t\t\t\t<div class=\"elementor-element elementor-element-1ba879f elementor-widget elementor-widget-text-editor\" data-id=\"1ba879f\" data-element_type=\"widget\" data-e-type=\"widget\" data-widget_type=\"text-editor.default\">\n\t\t\t\t<div class=\"elementor-widget-container\">\n\t\t\t\t\t\t\t\t\t<h6><strong>Men\u00e9 par des consultants exp\u00e9riment\u00e9s dans le domaine de l'\u00e9ducation<\/strong><\/h6><p>Nos services de recrutement sont assur\u00e9s par une \u00e9quipe d\u00e9di\u00e9e de consultants seniors :<\/p><ul><li><strong>Vicky Tuck<\/strong> \u2013 Reconnue pour sa vaste exp\u00e9rience en tant que directrice d'\u00e9cole et membre de conseils d'administration, sa vision strat\u00e9gique, ses relations dans le secteur et son engagement \u00e0 placer des dirigeants qui inspirent la r\u00e9ussite de l'ensemble de l'\u00e9cole.<\/li><li><strong>Michael Kewley<\/strong> \u2013 Il apporte une vaste exp\u00e9rience de l'\u00e9ducation internationale, en particulier dans les domaines du marketing et des admissions, ainsi qu'une solide exp\u00e9rience en mati\u00e8re de leadership et de d\u00e9veloppement scolaire.<\/li><\/ul><p>Ensemble, Vicky et Michael fournissent aux \u00e9coles des <strong>conseils fiables, une \u00e9valuation rigoureuse des candidats et une port\u00e9e mondiale<\/strong>, garantissant ainsi des nominations \u00e0 la fois adapt\u00e9es \u00e0 la culture et tourn\u00e9es vers l'avenir.<\/p>\t\t\t\t\t\t\t\t<\/div>\n\t\t\t\t<\/div>\n\t\t\t\t<div class=\"elementor-element elementor-element-e0c265f elementor-widget elementor-widget-image\" data-id=\"e0c265f\" data-element_type=\"widget\" data-e-type=\"widget\" data-widget_type=\"image.default\">\n\t\t\t\t<div class=\"elementor-widget-container\">\n\t\t\t\t\t\t\t\t\t\t\t\t\t\t\t<img fetchpriority=\"high\" decoding=\"async\" width=\"1600\" height=\"445\" src=\"https:\/\/magnetic-comms.ch\/wp-content\/uploads\/2026\/02\/xeq8xewb4q-e1771408741719.jpg\" class=\"attachment-full size-full wp-image-30307\" alt=\"two people shaking hands in front of a laptop\" srcset=\"https:\/\/magnetic-comms.ch\/wp-content\/uploads\/2026\/02\/xeq8xewb4q-e1771408741719.jpg 1600w, https:\/\/magnetic-comms.ch\/wp-content\/uploads\/2026\/02\/xeq8xewb4q-e1771408741719-300x83.jpg 300w, https:\/\/magnetic-comms.ch\/wp-content\/uploads\/2026\/02\/xeq8xewb4q-e1771408741719-1024x285.jpg 1024w, https:\/\/magnetic-comms.ch\/wp-content\/uploads\/2026\/02\/xeq8xewb4q-e1771408741719-768x214.jpg 768w, https:\/\/magnetic-comms.ch\/wp-content\/uploads\/2026\/02\/xeq8xewb4q-e1771408741719-1536x427.jpg 1536w, https:\/\/magnetic-comms.ch\/wp-content\/uploads\/2026\/02\/xeq8xewb4q-e1771408741719-18x5.jpg 18w\" sizes=\"(max-width: 1600px) 100vw, 1600px\" \/>\t\t\t\t\t\t\t\t\t\t\t\t\t\t\t<\/div>\n\t\t\t\t<\/div>\n\t\t\t\t<div class=\"elementor-element elementor-element-a0bbcef elementor-widget elementor-widget-text-editor\" data-id=\"a0bbcef\" data-element_type=\"widget\" data-e-type=\"widget\" data-widget_type=\"text-editor.default\">\n\t\t\t\t<div class=\"elementor-widget-container\">\n\t\t\t\t\t\t\t\t\t<h6><strong>Soutenir les \u00e9coles \u00e0 tous les niveaux de direction<\/strong><\/h6><p>Nous sommes heureux de soutenir le recrutement pour un large \u00e9ventail de postes de direction, notamment :<\/p><ul><li>Directeurs d'\u00e9cole et proviseurs<\/li><li>Directeurs adjoints<\/li><li>Directeurs du marketing, des admissions, du d\u00e9veloppement, des finances, des ressources humaines, de l'\u00e9ducation, des technologies de l'information et des op\u00e9rations<\/li><li>Postes sp\u00e9cialis\u00e9s dans la direction et la gouvernance<\/li><\/ul><p>Que votre \u00e9cole recherche un leadership transformationnel ou souhaite renforcer une \u00e9quipe d\u00e9j\u00e0 en place, Magnetic Communications vous propose un <strong>processus de recherche r\u00e9fl\u00e9chi, confidentiel et ax\u00e9 sur les r\u00e9sultats.<\/strong>.<\/p>\t\t\t\t\t\t\t\t<\/div>\n\t\t\t\t<\/div>\n\t\t\t\t\t<\/div>\n\t\t\t\t<\/div>\n\t\t<div class=\"elementor-element elementor-element-ce0cbd2 e-flex e-con-boxed e-con e-parent\" data-id=\"ce0cbd2\" data-element_type=\"container\" data-e-type=\"container\">\n\t\t\t\t\t<div class=\"e-con-inner\">\n\t\t\t\t<div class=\"elementor-element elementor-element-712e824 elementor-widget elementor-widget-text-editor\" data-id=\"712e824\" data-element_type=\"widget\" data-e-type=\"widget\" data-widget_type=\"text-editor.default\">\n\t\t\t\t<div class=\"elementor-widget-container\">\n\t\t\t\t\t\t\t\t\t<h6><strong>Contactez-nous<\/strong><\/h6><p>Nous serions ravis de discuter de vos besoins en mati\u00e8re de leadership et d'explorer comment notre expertise en mati\u00e8re de recrutement peut aider votre \u00e9cole \u00e0 \u00e9crire un nouveau chapitre de son histoire. Veuillez <span style=\"text-decoration: underline;\"><a href=\"mailto:michael@magnetic-comms.ch\">contacter Michael Kewley<\/a><\/span> pour entamer une conversation confidentielle sur la mani\u00e8re dont nous pouvons vous aider.<\/p>\t\t\t\t\t\t\t\t<\/div>\n\t\t\t\t<\/div>\n\t\t\t\t\t<\/div>\n\t\t\t\t<\/div>\n\t\t\t\t<\/div>","protected":false},"excerpt":{"rendered":"<p>Finding the right leadership is one of the most important decisions a school will make. Our executive search process is built on deep sector knowledge,&hellip;<\/p>","protected":false},"author":1,"featured_media":30308,"parent":0,"menu_order":0,"comment_status":"closed","ping_status":"closed","template":"","meta":{"_monsterinsights_skip_tracking":false,"_monsterinsights_sitenote_active":false,"_monsterinsights_sitenote_note":"","_monsterinsights_sitenote_category":0,"footnotes":""},"class_list":["post-30306","page","type-page","status-publish","has-post-thumbnail","hentry"],"yoast_head":"<!-- This site is optimized with the Yoast SEO plugin v27.2 - https:\/\/yoast.com\/product\/yoast-seo-wordpress\/ -->\n<title>Executive search for schools - Magnetic Communications<\/title>\n<meta name=\"description\" content=\"Our executive search for schools process is built on deep sector knowledge, discretion, and partnership and is led by our senior consultants.\" \/>\n<meta name=\"robots\" content=\"index, follow, max-snippet:-1, max-image-preview:large, max-video-preview:-1\" \/>\n<link rel=\"canonical\" href=\"https:\/\/magnetic-comms.ch\/fr\/executive-search-for-schools\/\" \/>\n<meta property=\"og:locale\" content=\"fr_FR\" \/>\n<meta property=\"og:type\" content=\"article\" \/>\n<meta property=\"og:title\" content=\"Executive search for schools - Magnetic Communications\" \/>\n<meta property=\"og:description\" content=\"Our executive search for schools process is built on deep sector knowledge, discretion, and partnership and is led by our senior consultants.\" \/>\n<meta property=\"og:url\" content=\"https:\/\/magnetic-comms.ch\/fr\/executive-search-for-schools\/\" \/>\n<meta property=\"og:site_name\" content=\"Magnetic Communications\" \/>\n<meta property=\"article:modified_time\" content=\"2026-02-18T10:40:55+00:00\" \/>\n<meta property=\"og:image\" content=\"https:\/\/magnetic-comms.ch\/wp-content\/uploads\/2026\/02\/xeq8xewb4q-1.jpg\" \/>\n\t<meta property=\"og:image:width\" content=\"1600\" \/>\n\t<meta property=\"og:image:height\" content=\"1067\" \/>\n\t<meta property=\"og:image:type\" content=\"image\/jpeg\" \/>\n<meta name=\"twitter:card\" content=\"summary_large_image\" \/>\n<meta name=\"twitter:label1\" content=\"Dur\u00e9e de lecture estim\u00e9e\" \/>\n\t<meta name=\"twitter:data1\" content=\"2 minutes\" \/>\n<script type=\"application\/ld+json\" class=\"yoast-schema-graph\">{\"@context\":\"https:\/\/schema.org\",\"@graph\":[{\"@type\":\"WebPage\",\"@id\":\"https:\/\/magnetic-comms.ch\/executive-search-for-schools\/\",\"url\":\"https:\/\/magnetic-comms.ch\/executive-search-for-schools\/\",\"name\":\"Executive search for schools - Magnetic Communications\",\"isPartOf\":{\"@id\":\"https:\/\/magnetic-comms.ch\/#website\"},\"primaryImageOfPage\":{\"@id\":\"https:\/\/magnetic-comms.ch\/executive-search-for-schools\/#primaryimage\"},\"image\":{\"@id\":\"https:\/\/magnetic-comms.ch\/executive-search-for-schools\/#primaryimage\"},\"thumbnailUrl\":\"https:\/\/magnetic-comms.ch\/wp-content\/uploads\/2026\/02\/xeq8xewb4q-1.jpg\",\"datePublished\":\"2026-02-18T10:01:47+00:00\",\"dateModified\":\"2026-02-18T10:40:55+00:00\",\"description\":\"Our executive search for schools process is built on deep sector knowledge, discretion, and partnership and is led by our senior consultants.\",\"breadcrumb\":{\"@id\":\"https:\/\/magnetic-comms.ch\/executive-search-for-schools\/#breadcrumb\"},\"inLanguage\":\"fr-FR\",\"potentialAction\":[{\"@type\":\"ReadAction\",\"target\":[\"https:\/\/magnetic-comms.ch\/executive-search-for-schools\/\"]}]},{\"@type\":\"ImageObject\",\"inLanguage\":\"fr-FR\",\"@id\":\"https:\/\/magnetic-comms.ch\/executive-search-for-schools\/#primaryimage\",\"url\":\"https:\/\/magnetic-comms.ch\/wp-content\/uploads\/2026\/02\/xeq8xewb4q-1.jpg\",\"contentUrl\":\"https:\/\/magnetic-comms.ch\/wp-content\/uploads\/2026\/02\/xeq8xewb4q-1.jpg\",\"width\":1600,\"height\":1067,\"caption\":\"two people shaking hands in front of a laptop\"},{\"@type\":\"BreadcrumbList\",\"@id\":\"https:\/\/magnetic-comms.ch\/executive-search-for-schools\/#breadcrumb\",\"itemListElement\":[{\"@type\":\"ListItem\",\"position\":1,\"name\":\"Home\",\"item\":\"https:\/\/magnetic-comms.ch\/\"},{\"@type\":\"ListItem\",\"position\":2,\"name\":\"Executive search for schools\"}]},{\"@type\":\"WebSite\",\"@id\":\"https:\/\/magnetic-comms.ch\/#website\",\"url\":\"https:\/\/magnetic-comms.ch\/\",\"name\":\"Magnetic Communications\",\"description\":\"Marketing and communications agency in Geneva\",\"publisher\":{\"@id\":\"https:\/\/magnetic-comms.ch\/#organization\"},\"alternateName\":\"Magnetic\",\"inLanguage\":\"fr-FR\"},{\"@type\":\"Organization\",\"@id\":\"https:\/\/magnetic-comms.ch\/#organization\",\"name\":\"Magnetic Communications\",\"alternateName\":\"Magnetic\",\"url\":\"https:\/\/magnetic-comms.ch\/\",\"logo\":{\"@type\":\"ImageObject\",\"inLanguage\":\"fr-FR\",\"@id\":\"https:\/\/magnetic-comms.ch\/#\/schema\/logo\/image\/\",\"url\":\"https:\/\/magnetic-comms.ch\/wp-content\/uploads\/2023\/10\/cropped-cropped-cropped-Logo_1_black-1-1.png\",\"contentUrl\":\"https:\/\/magnetic-comms.ch\/wp-content\/uploads\/2023\/10\/cropped-cropped-cropped-Logo_1_black-1-1.png\",\"width\":200,\"height\":200,\"caption\":\"Magnetic Communications\"},\"image\":{\"@id\":\"https:\/\/magnetic-comms.ch\/#\/schema\/logo\/image\/\"},\"sameAs\":[\"https:\/\/www.linkedin.com\/company\/magnetic-communications\/\"]}]}<\/script>\n<!-- \/ Yoast SEO plugin. -->","yoast_head_json":{"title":"Executive search for schools - Magnetic Communications","description":"Our executive search for schools process is built on deep sector knowledge, discretion, and partnership and is led by our senior consultants.","robots":{"index":"index","follow":"follow","max-snippet":"max-snippet:-1","max-image-preview":"max-image-preview:large","max-video-preview":"max-video-preview:-1"},"canonical":"https:\/\/magnetic-comms.ch\/fr\/executive-search-for-schools\/","og_locale":"fr_FR","og_type":"article","og_title":"Executive search for schools - Magnetic Communications","og_description":"Our executive search for schools process is built on deep sector knowledge, discretion, and partnership and is led by our senior consultants.","og_url":"https:\/\/magnetic-comms.ch\/fr\/executive-search-for-schools\/","og_site_name":"Magnetic Communications","article_modified_time":"2026-02-18T10:40:55+00:00","og_image":[{"width":1600,"height":1067,"url":"https:\/\/magnetic-comms.ch\/wp-content\/uploads\/2026\/02\/xeq8xewb4q-1.jpg","type":"image\/jpeg"}],"twitter_card":"summary_large_image","twitter_misc":{"Dur\u00e9e de lecture estim\u00e9e":"2 minutes"},"schema":{"@context":"https:\/\/schema.org","@graph":[{"@type":"WebPage","@id":"https:\/\/magnetic-comms.ch\/executive-search-for-schools\/","url":"https:\/\/magnetic-comms.ch\/executive-search-for-schools\/","name":"Executive search for schools - Magnetic Communications","isPartOf":{"@id":"https:\/\/magnetic-comms.ch\/#website"},"primaryImageOfPage":{"@id":"https:\/\/magnetic-comms.ch\/executive-search-for-schools\/#primaryimage"},"image":{"@id":"https:\/\/magnetic-comms.ch\/executive-search-for-schools\/#primaryimage"},"thumbnailUrl":"https:\/\/magnetic-comms.ch\/wp-content\/uploads\/2026\/02\/xeq8xewb4q-1.jpg","datePublished":"2026-02-18T10:01:47+00:00","dateModified":"2026-02-18T10:40:55+00:00","description":"Our executive search for schools process is built on deep sector knowledge, discretion, and partnership and is led by our senior consultants.","breadcrumb":{"@id":"https:\/\/magnetic-comms.ch\/executive-search-for-schools\/#breadcrumb"},"inLanguage":"fr-FR","potentialAction":[{"@type":"ReadAction","target":["https:\/\/magnetic-comms.ch\/executive-search-for-schools\/"]}]},{"@type":"ImageObject","inLanguage":"fr-FR","@id":"https:\/\/magnetic-comms.ch\/executive-search-for-schools\/#primaryimage","url":"https:\/\/magnetic-comms.ch\/wp-content\/uploads\/2026\/02\/xeq8xewb4q-1.jpg","contentUrl":"https:\/\/magnetic-comms.ch\/wp-content\/uploads\/2026\/02\/xeq8xewb4q-1.jpg","width":1600,"height":1067,"caption":"two people shaking hands in front of a laptop"},{"@type":"BreadcrumbList","@id":"https:\/\/magnetic-comms.ch\/executive-search-for-schools\/#breadcrumb","itemListElement":[{"@type":"ListItem","position":1,"name":"Home","item":"https:\/\/magnetic-comms.ch\/"},{"@type":"ListItem","position":2,"name":"Executive search for schools"}]},{"@type":"WebSite","@id":"https:\/\/magnetic-comms.ch\/#website","url":"https:\/\/magnetic-comms.ch\/","name":"Magnetic Communications","description":"Agence de marketing et communication \u00e0 Gen\u00e8ve","publisher":{"@id":"https:\/\/magnetic-comms.ch\/#organization"},"alternateName":"Magnetic","inLanguage":"fr-FR"},{"@type":"Organization","@id":"https:\/\/magnetic-comms.ch\/#organization","name":"Magnetic Communications","alternateName":"Magnetic","url":"https:\/\/magnetic-comms.ch\/","logo":{"@type":"ImageObject","inLanguage":"fr-FR","@id":"https:\/\/magnetic-comms.ch\/#\/schema\/logo\/image\/","url":"https:\/\/magnetic-comms.ch\/wp-content\/uploads\/2023\/10\/cropped-cropped-cropped-Logo_1_black-1-1.png","contentUrl":"https:\/\/magnetic-comms.ch\/wp-content\/uploads\/2023\/10\/cropped-cropped-cropped-Logo_1_black-1-1.png","width":200,"height":200,"caption":"Magnetic Communications"},"image":{"@id":"https:\/\/magnetic-comms.ch\/#\/schema\/logo\/image\/"},"sameAs":["https:\/\/www.linkedin.com\/company\/magnetic-communications\/"]}]}},"_links":{"self":[{"href":"https:\/\/magnetic-comms.ch\/fr\/wp-json\/wp\/v2\/pages\/30306","targetHints":{"allow":["GET"]}}],"collection":[{"href":"https:\/\/magnetic-comms.ch\/fr\/wp-json\/wp\/v2\/pages"}],"about":[{"href":"https:\/\/magnetic-comms.ch\/fr\/wp-json\/wp\/v2\/types\/page"}],"author":[{"embeddable":true,"href":"https:\/\/magnetic-comms.ch\/fr\/wp-json\/wp\/v2\/users\/1"}],"replies":[{"embeddable":true,"href":"https:\/\/magnetic-comms.ch\/fr\/wp-json\/wp\/v2\/comments?post=30306"}],"version-history":[{"count":15,"href":"https:\/\/magnetic-comms.ch\/fr\/wp-json\/wp\/v2\/pages\/30306\/revisions"}],"predecessor-version":[{"id":30328,"href":"https:\/\/magnetic-comms.ch\/fr\/wp-json\/wp\/v2\/pages\/30306\/revisions\/30328"}],"wp:featuredmedia":[{"embeddable":true,"href":"https:\/\/magnetic-comms.ch\/fr\/wp-json\/wp\/v2\/media\/30308"}],"wp:attachment":[{"href":"https:\/\/magnetic-comms.ch\/fr\/wp-json\/wp\/v2\/media?parent=30306"}],"curies":[{"name":"wp","href":"https:\/\/api.w.org\/{rel}","templated":true}]}}