{"id":406,"date":"2019-04-19T05:43:22","date_gmt":"2019-04-19T05:43:22","guid":{"rendered":"http:\/\/demo.sparklewpthemes.com\/constructionlight\/?page_id=406"},"modified":"2024-03-11T13:18:13","modified_gmt":"2024-03-11T12:18:13","slug":"photo-video","status":"publish","type":"page","link":"https:\/\/magnetic-comms.ch\/fr\/photo-video\/","title":{"rendered":"Photo et vid\u00e9o"},"content":{"rendered":"<div data-elementor-type=\"wp-page\" data-elementor-id=\"406\" class=\"elementor elementor-406\">\n\t\t\t\t<div class=\"elementor-element elementor-element-1ee52e0e e-flex e-con-boxed e-con e-parent\" data-id=\"1ee52e0e\" data-element_type=\"container\" data-e-type=\"container\">\n\t\t\t\t\t<div class=\"e-con-inner\">\n\t\t\t\t<div class=\"elementor-element elementor-element-75d93ed8 elementor-widget elementor-widget-text-editor\" data-id=\"75d93ed8\" data-element_type=\"widget\" data-e-type=\"widget\" data-widget_type=\"text-editor.default\">\n\t\t\t\t<div class=\"elementor-widget-container\">\n\t\t\t\t\t\t\t\t\t<p>Aujourd\u2019hui, il n\u2019y a pas de communication sans photographies ou vid\u00e9os de haute qualit\u00e9. \nChez Magnetic, nous traduisons votre message unique en images m\u00e9morables gr\u00e2ce \u00e0 la puissance \u00e9vocatrice du r\u00e9cit visuel.<\/p><p>Conception, design, gestion de projet : nous donnons vie \u00e0 vos projets digitaux.<\/p><h6><span style=\"color: #404040;\"><strong>Photographie professionnelle<\/strong><\/span><\/h6><p>Nous sommes experts dans l\u2019art de capturer l\u2019essence de chaque instant, que ce soit avec des reportages photographiques, la couverture d\u2019\u00e9v\u00e9nements ou le lancement d\u2019un produit franchissement d\u2019une \u00e9tape. Nous utilisons un \u00e9quipement de pointe et des techniques cr\u00e9atives afin que chaque image raconte une histoire captivante. A travers des prises de vues au naturel ou des mises en sc\u00e8nes soign\u00e9es, nous excellons dans la cr\u00e9ation d\u2019un r\u00e9cit visuel qui trouve un \u00e9cho aupr\u00e8s de votre public.<\/p><h6><span style=\"color: #404040;\"><strong>Production vid\u00e9o professionnelle<\/strong><\/span><\/h6><p>Donnez vie \u00e0 votre projet ! Gr\u00e2ce \u00e0 nos vid\u00e9os de haute qualit\u00e9, tourn\u00e9es avec du mat\u00e9riel de derni\u00e8re g\u00e9n\u00e9ration, vous susciterez l\u2019\u00e9motion et l\u2019int\u00e9r\u00eat chez votre public. Films promotionnels, couverture d\u2019\u00e9v\u00e9nements ou documentaires, nous pouvons transformer votre vision en un chef-d\u2019\u0153uvre visuel.<\/p><h6><strong><span style=\"color: #404040;\">Photographie et vid\u00e9o par drone<\/span><\/strong><\/h6><p>Prenez de la hauteur ! Nos pilotes de drones professionnels r\u00e9alisent des prises de vues \u00e0 couper le souffle qui donnent une perspective unique \u00e0 votre projet. Vous pouvez pr\u00e9senter vos locaux, les lieux d\u2019un \u00e9v\u00e9nement ou des images dynamiques qui ajouteront une touche unique \u00e0 votre communication.<\/p>\t\t\t\t\t\t\t\t<\/div>\n\t\t\t\t<\/div>\n\t\t\t\t<div class=\"elementor-element elementor-element-ff060f9 elementor-widget elementor-widget-image\" data-id=\"ff060f9\" data-element_type=\"widget\" data-e-type=\"widget\" data-widget_type=\"image.default\">\n\t\t\t\t<div class=\"elementor-widget-container\">\n\t\t\t\t\t\t\t\t\t\t\t\t\t\t\t<img fetchpriority=\"high\" decoding=\"async\" width=\"1584\" height=\"438\" src=\"https:\/\/magnetic-comms.ch\/wp-content\/uploads\/2024\/02\/exg_ah-ebc4-e1708598833402.jpg\" class=\"attachment-full size-full wp-image-29914\" alt=\"video of water surrounded by trees\" srcset=\"https:\/\/magnetic-comms.ch\/wp-content\/uploads\/2024\/02\/exg_ah-ebc4-e1708598833402.jpg 1584w, https:\/\/magnetic-comms.ch\/wp-content\/uploads\/2024\/02\/exg_ah-ebc4-e1708598833402-300x83.jpg 300w, https:\/\/magnetic-comms.ch\/wp-content\/uploads\/2024\/02\/exg_ah-ebc4-e1708598833402-1024x283.jpg 1024w, https:\/\/magnetic-comms.ch\/wp-content\/uploads\/2024\/02\/exg_ah-ebc4-e1708598833402-768x212.jpg 768w, https:\/\/magnetic-comms.ch\/wp-content\/uploads\/2024\/02\/exg_ah-ebc4-e1708598833402-1536x425.jpg 1536w\" sizes=\"(max-width: 1584px) 100vw, 1584px\" \/>\t\t\t\t\t\t\t\t\t\t\t\t\t\t\t<\/div>\n\t\t\t\t<\/div>\n\t\t\t\t\t<\/div>\n\t\t\t\t<\/div>\n\t\t\t\t<\/div>","protected":false},"excerpt":{"rendered":"<p>In today\u2019s world, no marketing or communications strategy can truly be complete without professional photo and video content. At Magnetic we transform moments into everlasting&hellip;<\/p>","protected":false},"author":1,"featured_media":28893,"parent":0,"menu_order":0,"comment_status":"closed","ping_status":"closed","template":"","meta":{"_monsterinsights_skip_tracking":false,"_monsterinsights_sitenote_active":false,"_monsterinsights_sitenote_note":"","_monsterinsights_sitenote_category":0,"footnotes":""},"class_list":["post-406","page","type-page","status-publish","has-post-thumbnail","hentry"],"yoast_head":"<!-- This site is optimized with the Yoast SEO plugin v27.2 - https:\/\/yoast.com\/product\/yoast-seo-wordpress\/ -->\n<title>Photo and video marketing and communications - Magnetic Communications<\/title>\n<meta name=\"description\" content=\"We transform moments into everlasting memories through our exceptional photo and video services for your marketing and communications needs.\" \/>\n<meta name=\"robots\" content=\"index, follow, max-snippet:-1, max-image-preview:large, max-video-preview:-1\" \/>\n<link rel=\"canonical\" href=\"https:\/\/magnetic-comms.ch\/fr\/photo-video\/\" \/>\n<meta property=\"og:locale\" content=\"fr_FR\" \/>\n<meta property=\"og:type\" content=\"article\" \/>\n<meta property=\"og:title\" content=\"Photo and video marketing and communications - Magnetic Communications\" \/>\n<meta property=\"og:description\" content=\"We transform moments into everlasting memories through our exceptional photo and video services for your marketing and communications needs.\" \/>\n<meta property=\"og:url\" content=\"https:\/\/magnetic-comms.ch\/fr\/photo-video\/\" \/>\n<meta property=\"og:site_name\" content=\"Magnetic Communications\" \/>\n<meta property=\"article:modified_time\" content=\"2024-03-11T12:18:13+00:00\" \/>\n<meta property=\"og:image\" content=\"https:\/\/magnetic-comms.ch\/wp-content\/uploads\/2023\/10\/video-2562034_1280.jpg\" \/>\n\t<meta property=\"og:image:width\" content=\"1280\" \/>\n\t<meta property=\"og:image:height\" content=\"720\" \/>\n\t<meta property=\"og:image:type\" content=\"image\/jpeg\" \/>\n<meta name=\"twitter:card\" content=\"summary_large_image\" \/>\n<meta name=\"twitter:label1\" content=\"Dur\u00e9e de lecture estim\u00e9e\" \/>\n\t<meta name=\"twitter:data1\" content=\"2 minutes\" \/>\n<script type=\"application\/ld+json\" class=\"yoast-schema-graph\">{\"@context\":\"https:\/\/schema.org\",\"@graph\":[{\"@type\":\"WebPage\",\"@id\":\"https:\/\/magnetic-comms.ch\/photo-video\/\",\"url\":\"https:\/\/magnetic-comms.ch\/photo-video\/\",\"name\":\"Photo and video marketing and communications - Magnetic Communications\",\"isPartOf\":{\"@id\":\"https:\/\/magnetic-comms.ch\/#website\"},\"primaryImageOfPage\":{\"@id\":\"https:\/\/magnetic-comms.ch\/photo-video\/#primaryimage\"},\"image\":{\"@id\":\"https:\/\/magnetic-comms.ch\/photo-video\/#primaryimage\"},\"thumbnailUrl\":\"https:\/\/magnetic-comms.ch\/wp-content\/uploads\/2023\/10\/video-2562034_1280.jpg\",\"datePublished\":\"2019-04-19T05:43:22+00:00\",\"dateModified\":\"2024-03-11T12:18:13+00:00\",\"description\":\"We transform moments into everlasting memories through our exceptional photo and video services for your marketing and communications needs.\",\"breadcrumb\":{\"@id\":\"https:\/\/magnetic-comms.ch\/photo-video\/#breadcrumb\"},\"inLanguage\":\"fr-FR\",\"potentialAction\":[{\"@type\":\"ReadAction\",\"target\":[\"https:\/\/magnetic-comms.ch\/photo-video\/\"]}]},{\"@type\":\"ImageObject\",\"inLanguage\":\"fr-FR\",\"@id\":\"https:\/\/magnetic-comms.ch\/photo-video\/#primaryimage\",\"url\":\"https:\/\/magnetic-comms.ch\/wp-content\/uploads\/2023\/10\/video-2562034_1280.jpg\",\"contentUrl\":\"https:\/\/magnetic-comms.ch\/wp-content\/uploads\/2023\/10\/video-2562034_1280.jpg\",\"width\":1280,\"height\":720,\"caption\":\"photo and video for marketing and communications\"},{\"@type\":\"BreadcrumbList\",\"@id\":\"https:\/\/magnetic-comms.ch\/photo-video\/#breadcrumb\",\"itemListElement\":[{\"@type\":\"ListItem\",\"position\":1,\"name\":\"Home\",\"item\":\"https:\/\/magnetic-comms.ch\/\"},{\"@type\":\"ListItem\",\"position\":2,\"name\":\"Photo and video\"}]},{\"@type\":\"WebSite\",\"@id\":\"https:\/\/magnetic-comms.ch\/#website\",\"url\":\"https:\/\/magnetic-comms.ch\/\",\"name\":\"Magnetic Communications\",\"description\":\"Marketing and communications agency in Geneva\",\"publisher\":{\"@id\":\"https:\/\/magnetic-comms.ch\/#organization\"},\"alternateName\":\"Magnetic\",\"inLanguage\":\"fr-FR\"},{\"@type\":\"Organization\",\"@id\":\"https:\/\/magnetic-comms.ch\/#organization\",\"name\":\"Magnetic Communications\",\"alternateName\":\"Magnetic\",\"url\":\"https:\/\/magnetic-comms.ch\/\",\"logo\":{\"@type\":\"ImageObject\",\"inLanguage\":\"fr-FR\",\"@id\":\"https:\/\/magnetic-comms.ch\/#\/schema\/logo\/image\/\",\"url\":\"https:\/\/magnetic-comms.ch\/wp-content\/uploads\/2023\/10\/cropped-cropped-cropped-Logo_1_black-1-1.png\",\"contentUrl\":\"https:\/\/magnetic-comms.ch\/wp-content\/uploads\/2023\/10\/cropped-cropped-cropped-Logo_1_black-1-1.png\",\"width\":200,\"height\":200,\"caption\":\"Magnetic Communications\"},\"image\":{\"@id\":\"https:\/\/magnetic-comms.ch\/#\/schema\/logo\/image\/\"},\"sameAs\":[\"https:\/\/www.linkedin.com\/company\/magnetic-communications\/\"]}]}<\/script>\n<!-- \/ Yoast SEO plugin. -->","yoast_head_json":{"title":"Photo and video marketing and communications - Magnetic Communications","description":"We transform moments into everlasting memories through our exceptional photo and video services for your marketing and communications needs.","robots":{"index":"index","follow":"follow","max-snippet":"max-snippet:-1","max-image-preview":"max-image-preview:large","max-video-preview":"max-video-preview:-1"},"canonical":"https:\/\/magnetic-comms.ch\/fr\/photo-video\/","og_locale":"fr_FR","og_type":"article","og_title":"Photo and video marketing and communications - Magnetic Communications","og_description":"We transform moments into everlasting memories through our exceptional photo and video services for your marketing and communications needs.","og_url":"https:\/\/magnetic-comms.ch\/fr\/photo-video\/","og_site_name":"Magnetic Communications","article_modified_time":"2024-03-11T12:18:13+00:00","og_image":[{"width":1280,"height":720,"url":"https:\/\/magnetic-comms.ch\/wp-content\/uploads\/2023\/10\/video-2562034_1280.jpg","type":"image\/jpeg"}],"twitter_card":"summary_large_image","twitter_misc":{"Dur\u00e9e de lecture estim\u00e9e":"2 minutes"},"schema":{"@context":"https:\/\/schema.org","@graph":[{"@type":"WebPage","@id":"https:\/\/magnetic-comms.ch\/photo-video\/","url":"https:\/\/magnetic-comms.ch\/photo-video\/","name":"Photo and video marketing and communications - Magnetic Communications","isPartOf":{"@id":"https:\/\/magnetic-comms.ch\/#website"},"primaryImageOfPage":{"@id":"https:\/\/magnetic-comms.ch\/photo-video\/#primaryimage"},"image":{"@id":"https:\/\/magnetic-comms.ch\/photo-video\/#primaryimage"},"thumbnailUrl":"https:\/\/magnetic-comms.ch\/wp-content\/uploads\/2023\/10\/video-2562034_1280.jpg","datePublished":"2019-04-19T05:43:22+00:00","dateModified":"2024-03-11T12:18:13+00:00","description":"We transform moments into everlasting memories through our exceptional photo and video services for your marketing and communications needs.","breadcrumb":{"@id":"https:\/\/magnetic-comms.ch\/photo-video\/#breadcrumb"},"inLanguage":"fr-FR","potentialAction":[{"@type":"ReadAction","target":["https:\/\/magnetic-comms.ch\/photo-video\/"]}]},{"@type":"ImageObject","inLanguage":"fr-FR","@id":"https:\/\/magnetic-comms.ch\/photo-video\/#primaryimage","url":"https:\/\/magnetic-comms.ch\/wp-content\/uploads\/2023\/10\/video-2562034_1280.jpg","contentUrl":"https:\/\/magnetic-comms.ch\/wp-content\/uploads\/2023\/10\/video-2562034_1280.jpg","width":1280,"height":720,"caption":"photo and video for marketing and communications"},{"@type":"BreadcrumbList","@id":"https:\/\/magnetic-comms.ch\/photo-video\/#breadcrumb","itemListElement":[{"@type":"ListItem","position":1,"name":"Home","item":"https:\/\/magnetic-comms.ch\/"},{"@type":"ListItem","position":2,"name":"Photo and video"}]},{"@type":"WebSite","@id":"https:\/\/magnetic-comms.ch\/#website","url":"https:\/\/magnetic-comms.ch\/","name":"Magnetic Communications","description":"Agence de marketing et communication \u00e0 Gen\u00e8ve","publisher":{"@id":"https:\/\/magnetic-comms.ch\/#organization"},"alternateName":"Magnetic","inLanguage":"fr-FR"},{"@type":"Organization","@id":"https:\/\/magnetic-comms.ch\/#organization","name":"Magnetic Communications","alternateName":"Magnetic","url":"https:\/\/magnetic-comms.ch\/","logo":{"@type":"ImageObject","inLanguage":"fr-FR","@id":"https:\/\/magnetic-comms.ch\/#\/schema\/logo\/image\/","url":"https:\/\/magnetic-comms.ch\/wp-content\/uploads\/2023\/10\/cropped-cropped-cropped-Logo_1_black-1-1.png","contentUrl":"https:\/\/magnetic-comms.ch\/wp-content\/uploads\/2023\/10\/cropped-cropped-cropped-Logo_1_black-1-1.png","width":200,"height":200,"caption":"Magnetic Communications"},"image":{"@id":"https:\/\/magnetic-comms.ch\/#\/schema\/logo\/image\/"},"sameAs":["https:\/\/www.linkedin.com\/company\/magnetic-communications\/"]}]}},"_links":{"self":[{"href":"https:\/\/magnetic-comms.ch\/fr\/wp-json\/wp\/v2\/pages\/406","targetHints":{"allow":["GET"]}}],"collection":[{"href":"https:\/\/magnetic-comms.ch\/fr\/wp-json\/wp\/v2\/pages"}],"about":[{"href":"https:\/\/magnetic-comms.ch\/fr\/wp-json\/wp\/v2\/types\/page"}],"author":[{"embeddable":true,"href":"https:\/\/magnetic-comms.ch\/fr\/wp-json\/wp\/v2\/users\/1"}],"replies":[{"embeddable":true,"href":"https:\/\/magnetic-comms.ch\/fr\/wp-json\/wp\/v2\/comments?post=406"}],"version-history":[{"count":72,"href":"https:\/\/magnetic-comms.ch\/fr\/wp-json\/wp\/v2\/pages\/406\/revisions"}],"predecessor-version":[{"id":30157,"href":"https:\/\/magnetic-comms.ch\/fr\/wp-json\/wp\/v2\/pages\/406\/revisions\/30157"}],"wp:featuredmedia":[{"embeddable":true,"href":"https:\/\/magnetic-comms.ch\/fr\/wp-json\/wp\/v2\/media\/28893"}],"wp:attachment":[{"href":"https:\/\/magnetic-comms.ch\/fr\/wp-json\/wp\/v2\/media?parent=406"}],"curies":[{"name":"wp","href":"https:\/\/api.w.org\/{rel}","templated":true}]}}