{"id":412,"date":"2019-04-19T06:56:49","date_gmt":"2019-04-19T06:56:49","guid":{"rendered":"http:\/\/demo.sparklewpthemes.com\/constructionlight\/?page_id=412"},"modified":"2024-03-11T13:20:55","modified_gmt":"2024-03-11T12:20:55","slug":"content-creation","status":"publish","type":"page","link":"https:\/\/magnetic-comms.ch\/fr\/content-creation\/","title":{"rendered":"Cr\u00e9ation de contenus"},"content":{"rendered":"<div data-elementor-type=\"wp-page\" data-elementor-id=\"412\" class=\"elementor elementor-412\">\n\t\t\t\t<div class=\"elementor-element elementor-element-889385f e-flex e-con-boxed e-con e-parent\" data-id=\"889385f\" data-element_type=\"container\" data-e-type=\"container\">\n\t\t\t\t\t<div class=\"e-con-inner\">\n\t\t\t\t<div class=\"elementor-element elementor-element-e312009 elementor-widget elementor-widget-text-editor\" data-id=\"e312009\" data-element_type=\"widget\" data-e-type=\"widget\" data-widget_type=\"text-editor.default\">\n\t\t\t\t<div class=\"elementor-widget-container\">\n\t\t\t\t\t\t\t\t\t<p>Raconter votre histoire est notre passion.<\/p>\n<p>Nous vous proposons de cr\u00e9er l\u2019ensemble de vos contenus, que ce soit pour les r\u00e9seaux sociaux, votre site internet, vos publications imprim\u00e9es ou vos publicit\u00e9s. Ainsi, votre message parviendra \u00e0 vos clients de mani\u00e8re totalement adapt\u00e9e.<\/p>\n<p>Dans un univers digital extr\u00eamement mouvant, il est indispensable de cr\u00e9er, s\u00e9lectionner et communiquer des contenus attractifs. Nous nous concentrons sur les quatre domaines suivants afin d\u2019augmenter votre pr\u00e9sence en ligne et motiver votre public cible :<\/p>\n<h6><strong>Gestion des r\u00e9seaux sociaux<\/strong><\/h6>\n<p>Le monde des r\u00e9seaux sociaux \u00e9voluant rapidement, il est crucial que la communication de votre marque reste coh\u00e9rente et attractive. Nous sommes experts dans l\u2019\u00e9laboration et l\u2019ex\u00e9cution de strat\u00e9gies personnalis\u00e9es sur des plateformes vari\u00e9es. En g\u00e9rant la r\u00e9daction, la planification, le monitoring de la r\u00e9activit\u00e9 et l\u2019analyse des performances, nous garantissons que votre message parvienne constamment \u00e0 votre cible.<\/p>\n<h6><strong>R\u00e9daction et \u00e9dition<\/strong><\/h6>\n<p>Un contenu captivant et persuasif est la cl\u00e9 de la communication en ligne. Nous nous appliquons \u00e0 \u00e9laborer des r\u00e9cits qui refl\u00e8tent l\u2019essence de votre marque et r\u00e9sonnent aupr\u00e8s de votre public. Nous ma\u00eetrisons la puissance des mots et savons de quelle mani\u00e8re les agencer pour qu\u2019ils parlent en votre faveur.<\/p>\n<ul>\n<li>Optimisation des contenus pour les moteurs de recherche (SEO)<\/li>\n<li>Contenus pour blogs et articles de fond<\/li>\n<li>R\u00e9daction pour les sites internet<\/li>\n<li>Edition et relecture<\/li>\n<\/ul>\t\t\t\t\t\t\t\t<\/div>\n\t\t\t\t<\/div>\n\t\t\t\t\t<\/div>\n\t\t\t\t<\/div>\n\t\t<div class=\"elementor-element elementor-element-a08ebe9 e-flex e-con-boxed e-con e-parent\" data-id=\"a08ebe9\" data-element_type=\"container\" data-e-type=\"container\">\n\t\t\t\t\t<div class=\"e-con-inner\">\n\t\t\t\t<div class=\"elementor-element elementor-element-c8b961a elementor-widget elementor-widget-image\" data-id=\"c8b961a\" data-element_type=\"widget\" data-e-type=\"widget\" data-widget_type=\"image.default\">\n\t\t\t\t<div class=\"elementor-widget-container\">\n\t\t\t\t\t\t\t\t\t\t\t\t\t\t\t<img fetchpriority=\"high\" decoding=\"async\" width=\"1584\" height=\"438\" src=\"https:\/\/magnetic-comms.ch\/wp-content\/uploads\/2024\/02\/eqspi11rf68-e1708596885959.jpg\" class=\"attachment-full size-full wp-image-29877\" alt=\"black iphone showing social media icons\" srcset=\"https:\/\/magnetic-comms.ch\/wp-content\/uploads\/2024\/02\/eqspi11rf68-e1708596885959.jpg 1584w, https:\/\/magnetic-comms.ch\/wp-content\/uploads\/2024\/02\/eqspi11rf68-e1708596885959-300x83.jpg 300w, https:\/\/magnetic-comms.ch\/wp-content\/uploads\/2024\/02\/eqspi11rf68-e1708596885959-1024x283.jpg 1024w, https:\/\/magnetic-comms.ch\/wp-content\/uploads\/2024\/02\/eqspi11rf68-e1708596885959-768x212.jpg 768w, https:\/\/magnetic-comms.ch\/wp-content\/uploads\/2024\/02\/eqspi11rf68-e1708596885959-1536x425.jpg 1536w\" sizes=\"(max-width: 1584px) 100vw, 1584px\" \/>\t\t\t\t\t\t\t\t\t\t\t\t\t\t\t<\/div>\n\t\t\t\t<\/div>\n\t\t\t\t<div class=\"elementor-element elementor-element-5ac8a7a elementor-widget elementor-widget-text-editor\" data-id=\"5ac8a7a\" data-element_type=\"widget\" data-e-type=\"widget\" data-widget_type=\"text-editor.default\">\n\t\t\t\t<div class=\"elementor-widget-container\">\n\t\t\t\t\t\t\t\t\t<h6><strong>Service de traduction<\/strong><\/h6>\n<p>Etendre la port\u00e9e de votre marque au-del\u00e0 des fronti\u00e8res peut se r\u00e9v\u00e9ler essentiel. Nous pouvons vous aider \u00e0 atteindre des publics vari\u00e9s en adaptant votre site web et votre mat\u00e9riel de communication en diff\u00e9rentes langues, dont l\u2019anglais, le fran\u00e7ais et l\u2019espagnol. Nous vous proposons une traduction soign\u00e9e, afin que votre message soit clair et culturellement adapt\u00e9.<\/p>\n<ul>\n<li>Traduction multilingue<\/li>\n<li>Adaptation culturelle<\/li>\n<li>Relecture et corrections<\/li>\n<\/ul>\n<h6><strong>Campagnes d\u2019e-mailings<\/strong><\/h6>\n<p>Les campagnes d\u2019e-mail restent l\u2019un des outils les plus puissants de la communication digitale. Nous cr\u00e9ons et ex\u00e9cutons des e-mailings de masse hautement cibl\u00e9s qui serviront \u00e0 augmenter le nombre de consommateurs potentiels, retenir vos clients actuels et g\u00e9n\u00e9rer des transactions.<\/p>\n<ul>\n<li>Strat\u00e9gie de campagne d\u2019e-mailings<\/li>\n<li>R\u00e9daction d\u2019e-mails<\/li>\n<li>Design de mod\u00e8les<\/li>\n<li>Monitoring et analyse de performances<\/li>\n<\/ul>\n<p>Que vous souhaitiez am\u00e9liorer la pr\u00e9sence en ligne de votre petite entreprise ou stimuler les ventes de votre soci\u00e9t\u00e9 plus ambitieuse, nous adaptons nos services \u00e0 vos besoins.<\/p>\t\t\t\t\t\t\t\t<\/div>\n\t\t\t\t<\/div>\n\t\t\t\t<div class=\"elementor-element elementor-element-fbe67bb elementor-widget elementor-widget-image\" data-id=\"fbe67bb\" data-element_type=\"widget\" data-e-type=\"widget\" data-widget_type=\"image.default\">\n\t\t\t\t<div class=\"elementor-widget-container\">\n\t\t\t\t\t\t\t\t\t\t\t\t\t\t\t<img decoding=\"async\" width=\"1584\" height=\"438\" src=\"https:\/\/magnetic-comms.ch\/wp-content\/uploads\/2024\/02\/d2tz-ashgzc-e1708597269750.jpg\" class=\"attachment-full size-full wp-image-29895\" alt=\"smartphone screen showing email application\" srcset=\"https:\/\/magnetic-comms.ch\/wp-content\/uploads\/2024\/02\/d2tz-ashgzc-e1708597269750.jpg 1584w, https:\/\/magnetic-comms.ch\/wp-content\/uploads\/2024\/02\/d2tz-ashgzc-e1708597269750-300x83.jpg 300w, https:\/\/magnetic-comms.ch\/wp-content\/uploads\/2024\/02\/d2tz-ashgzc-e1708597269750-1024x283.jpg 1024w, https:\/\/magnetic-comms.ch\/wp-content\/uploads\/2024\/02\/d2tz-ashgzc-e1708597269750-768x212.jpg 768w, https:\/\/magnetic-comms.ch\/wp-content\/uploads\/2024\/02\/d2tz-ashgzc-e1708597269750-1536x425.jpg 1536w\" sizes=\"(max-width: 1584px) 100vw, 1584px\" \/>\t\t\t\t\t\t\t\t\t\t\t\t\t\t\t<\/div>\n\t\t\t\t<\/div>\n\t\t\t\t\t<\/div>\n\t\t\t\t<\/div>\n\t\t\t\t<\/div>","protected":false},"excerpt":{"rendered":"<p>Storytelling is our passion. We offer the full range of content creation services, so that whether it&#8217;s social media, web, print or ads, your message&hellip;<\/p>","protected":false},"author":1,"featured_media":28891,"parent":0,"menu_order":0,"comment_status":"closed","ping_status":"closed","template":"","meta":{"_monsterinsights_skip_tracking":false,"_monsterinsights_sitenote_active":false,"_monsterinsights_sitenote_note":"","_monsterinsights_sitenote_category":0,"footnotes":""},"class_list":["post-412","page","type-page","status-publish","has-post-thumbnail","hentry"],"yoast_head":"<!-- This site is optimized with the Yoast SEO plugin v27.2 - https:\/\/yoast.com\/product\/yoast-seo-wordpress\/ -->\n<title>Content creation - Magnetic Communications<\/title>\n<meta name=\"description\" content=\"Digital marketing services: social media management, web content, SEO and SEA, email marketing, translation, video and photo\" \/>\n<meta name=\"robots\" content=\"index, follow, max-snippet:-1, max-image-preview:large, max-video-preview:-1\" \/>\n<link rel=\"canonical\" href=\"https:\/\/magnetic-comms.ch\/fr\/content-creation\/\" \/>\n<meta property=\"og:locale\" content=\"fr_FR\" \/>\n<meta property=\"og:type\" content=\"article\" \/>\n<meta property=\"og:title\" content=\"Content creation - Magnetic Communications\" \/>\n<meta property=\"og:description\" content=\"Digital marketing services: social media management, web content, SEO and SEA, email marketing, translation, video and photo\" \/>\n<meta property=\"og:url\" content=\"https:\/\/magnetic-comms.ch\/fr\/content-creation\/\" \/>\n<meta property=\"og:site_name\" content=\"Magnetic Communications\" \/>\n<meta property=\"article:modified_time\" content=\"2024-03-11T12:20:55+00:00\" \/>\n<meta property=\"og:image\" content=\"https:\/\/magnetic-comms.ch\/wp-content\/uploads\/2023\/10\/620822.jpg\" \/>\n\t<meta property=\"og:image:width\" content=\"1280\" \/>\n\t<meta property=\"og:image:height\" content=\"850\" \/>\n\t<meta property=\"og:image:type\" content=\"image\/jpeg\" \/>\n<meta name=\"twitter:card\" content=\"summary_large_image\" \/>\n<meta name=\"twitter:label1\" content=\"Dur\u00e9e de lecture estim\u00e9e\" \/>\n\t<meta name=\"twitter:data1\" content=\"2 minutes\" \/>\n<script type=\"application\/ld+json\" class=\"yoast-schema-graph\">{\"@context\":\"https:\/\/schema.org\",\"@graph\":[{\"@type\":\"WebPage\",\"@id\":\"https:\/\/magnetic-comms.ch\/content-creation\/\",\"url\":\"https:\/\/magnetic-comms.ch\/content-creation\/\",\"name\":\"Content creation - Magnetic Communications\",\"isPartOf\":{\"@id\":\"https:\/\/magnetic-comms.ch\/#website\"},\"primaryImageOfPage\":{\"@id\":\"https:\/\/magnetic-comms.ch\/content-creation\/#primaryimage\"},\"image\":{\"@id\":\"https:\/\/magnetic-comms.ch\/content-creation\/#primaryimage\"},\"thumbnailUrl\":\"https:\/\/magnetic-comms.ch\/wp-content\/uploads\/2023\/10\/620822.jpg\",\"datePublished\":\"2019-04-19T06:56:49+00:00\",\"dateModified\":\"2024-03-11T12:20:55+00:00\",\"description\":\"Digital marketing services: social media management, web content, SEO and SEA, email marketing, translation, video and photo\",\"breadcrumb\":{\"@id\":\"https:\/\/magnetic-comms.ch\/content-creation\/#breadcrumb\"},\"inLanguage\":\"fr-FR\",\"potentialAction\":[{\"@type\":\"ReadAction\",\"target\":[\"https:\/\/magnetic-comms.ch\/content-creation\/\"]}]},{\"@type\":\"ImageObject\",\"inLanguage\":\"fr-FR\",\"@id\":\"https:\/\/magnetic-comms.ch\/content-creation\/#primaryimage\",\"url\":\"https:\/\/magnetic-comms.ch\/wp-content\/uploads\/2023\/10\/620822.jpg\",\"contentUrl\":\"https:\/\/magnetic-comms.ch\/wp-content\/uploads\/2023\/10\/620822.jpg\",\"width\":1280,\"height\":850,\"caption\":\"laptop and mobile phone digital marketing services\"},{\"@type\":\"BreadcrumbList\",\"@id\":\"https:\/\/magnetic-comms.ch\/content-creation\/#breadcrumb\",\"itemListElement\":[{\"@type\":\"ListItem\",\"position\":1,\"name\":\"Home\",\"item\":\"https:\/\/magnetic-comms.ch\/\"},{\"@type\":\"ListItem\",\"position\":2,\"name\":\"Content creation\"}]},{\"@type\":\"WebSite\",\"@id\":\"https:\/\/magnetic-comms.ch\/#website\",\"url\":\"https:\/\/magnetic-comms.ch\/\",\"name\":\"Magnetic Communications\",\"description\":\"Marketing and communications agency in Geneva\",\"publisher\":{\"@id\":\"https:\/\/magnetic-comms.ch\/#organization\"},\"alternateName\":\"Magnetic\",\"inLanguage\":\"fr-FR\"},{\"@type\":\"Organization\",\"@id\":\"https:\/\/magnetic-comms.ch\/#organization\",\"name\":\"Magnetic Communications\",\"alternateName\":\"Magnetic\",\"url\":\"https:\/\/magnetic-comms.ch\/\",\"logo\":{\"@type\":\"ImageObject\",\"inLanguage\":\"fr-FR\",\"@id\":\"https:\/\/magnetic-comms.ch\/#\/schema\/logo\/image\/\",\"url\":\"https:\/\/magnetic-comms.ch\/wp-content\/uploads\/2023\/10\/cropped-cropped-cropped-Logo_1_black-1-1.png\",\"contentUrl\":\"https:\/\/magnetic-comms.ch\/wp-content\/uploads\/2023\/10\/cropped-cropped-cropped-Logo_1_black-1-1.png\",\"width\":200,\"height\":200,\"caption\":\"Magnetic Communications\"},\"image\":{\"@id\":\"https:\/\/magnetic-comms.ch\/#\/schema\/logo\/image\/\"},\"sameAs\":[\"https:\/\/www.linkedin.com\/company\/magnetic-communications\/\"]}]}<\/script>\n<!-- \/ Yoast SEO plugin. -->","yoast_head_json":{"title":"Content creation - Magnetic Communications","description":"Digital marketing services: social media management, web content, SEO and SEA, email marketing, translation, video and photo","robots":{"index":"index","follow":"follow","max-snippet":"max-snippet:-1","max-image-preview":"max-image-preview:large","max-video-preview":"max-video-preview:-1"},"canonical":"https:\/\/magnetic-comms.ch\/fr\/content-creation\/","og_locale":"fr_FR","og_type":"article","og_title":"Content creation - Magnetic Communications","og_description":"Digital marketing services: social media management, web content, SEO and SEA, email marketing, translation, video and photo","og_url":"https:\/\/magnetic-comms.ch\/fr\/content-creation\/","og_site_name":"Magnetic Communications","article_modified_time":"2024-03-11T12:20:55+00:00","og_image":[{"width":1280,"height":850,"url":"https:\/\/magnetic-comms.ch\/wp-content\/uploads\/2023\/10\/620822.jpg","type":"image\/jpeg"}],"twitter_card":"summary_large_image","twitter_misc":{"Dur\u00e9e de lecture estim\u00e9e":"2 minutes"},"schema":{"@context":"https:\/\/schema.org","@graph":[{"@type":"WebPage","@id":"https:\/\/magnetic-comms.ch\/content-creation\/","url":"https:\/\/magnetic-comms.ch\/content-creation\/","name":"Content creation - Magnetic Communications","isPartOf":{"@id":"https:\/\/magnetic-comms.ch\/#website"},"primaryImageOfPage":{"@id":"https:\/\/magnetic-comms.ch\/content-creation\/#primaryimage"},"image":{"@id":"https:\/\/magnetic-comms.ch\/content-creation\/#primaryimage"},"thumbnailUrl":"https:\/\/magnetic-comms.ch\/wp-content\/uploads\/2023\/10\/620822.jpg","datePublished":"2019-04-19T06:56:49+00:00","dateModified":"2024-03-11T12:20:55+00:00","description":"Digital marketing services: social media management, web content, SEO and SEA, email marketing, translation, video and photo","breadcrumb":{"@id":"https:\/\/magnetic-comms.ch\/content-creation\/#breadcrumb"},"inLanguage":"fr-FR","potentialAction":[{"@type":"ReadAction","target":["https:\/\/magnetic-comms.ch\/content-creation\/"]}]},{"@type":"ImageObject","inLanguage":"fr-FR","@id":"https:\/\/magnetic-comms.ch\/content-creation\/#primaryimage","url":"https:\/\/magnetic-comms.ch\/wp-content\/uploads\/2023\/10\/620822.jpg","contentUrl":"https:\/\/magnetic-comms.ch\/wp-content\/uploads\/2023\/10\/620822.jpg","width":1280,"height":850,"caption":"laptop and mobile phone digital marketing services"},{"@type":"BreadcrumbList","@id":"https:\/\/magnetic-comms.ch\/content-creation\/#breadcrumb","itemListElement":[{"@type":"ListItem","position":1,"name":"Home","item":"https:\/\/magnetic-comms.ch\/"},{"@type":"ListItem","position":2,"name":"Content creation"}]},{"@type":"WebSite","@id":"https:\/\/magnetic-comms.ch\/#website","url":"https:\/\/magnetic-comms.ch\/","name":"Magnetic Communications","description":"Agence de marketing et communication \u00e0 Gen\u00e8ve","publisher":{"@id":"https:\/\/magnetic-comms.ch\/#organization"},"alternateName":"Magnetic","inLanguage":"fr-FR"},{"@type":"Organization","@id":"https:\/\/magnetic-comms.ch\/#organization","name":"Magnetic Communications","alternateName":"Magnetic","url":"https:\/\/magnetic-comms.ch\/","logo":{"@type":"ImageObject","inLanguage":"fr-FR","@id":"https:\/\/magnetic-comms.ch\/#\/schema\/logo\/image\/","url":"https:\/\/magnetic-comms.ch\/wp-content\/uploads\/2023\/10\/cropped-cropped-cropped-Logo_1_black-1-1.png","contentUrl":"https:\/\/magnetic-comms.ch\/wp-content\/uploads\/2023\/10\/cropped-cropped-cropped-Logo_1_black-1-1.png","width":200,"height":200,"caption":"Magnetic Communications"},"image":{"@id":"https:\/\/magnetic-comms.ch\/#\/schema\/logo\/image\/"},"sameAs":["https:\/\/www.linkedin.com\/company\/magnetic-communications\/"]}]}},"_links":{"self":[{"href":"https:\/\/magnetic-comms.ch\/fr\/wp-json\/wp\/v2\/pages\/412","targetHints":{"allow":["GET"]}}],"collection":[{"href":"https:\/\/magnetic-comms.ch\/fr\/wp-json\/wp\/v2\/pages"}],"about":[{"href":"https:\/\/magnetic-comms.ch\/fr\/wp-json\/wp\/v2\/types\/page"}],"author":[{"embeddable":true,"href":"https:\/\/magnetic-comms.ch\/fr\/wp-json\/wp\/v2\/users\/1"}],"replies":[{"embeddable":true,"href":"https:\/\/magnetic-comms.ch\/fr\/wp-json\/wp\/v2\/comments?post=412"}],"version-history":[{"count":172,"href":"https:\/\/magnetic-comms.ch\/fr\/wp-json\/wp\/v2\/pages\/412\/revisions"}],"predecessor-version":[{"id":30154,"href":"https:\/\/magnetic-comms.ch\/fr\/wp-json\/wp\/v2\/pages\/412\/revisions\/30154"}],"wp:featuredmedia":[{"embeddable":true,"href":"https:\/\/magnetic-comms.ch\/fr\/wp-json\/wp\/v2\/media\/28891"}],"wp:attachment":[{"href":"https:\/\/magnetic-comms.ch\/fr\/wp-json\/wp\/v2\/media?parent=412"}],"curies":[{"name":"wp","href":"https:\/\/api.w.org\/{rel}","templated":true}]}}