{"id":416,"date":"2019-04-19T07:05:14","date_gmt":"2019-04-19T07:05:14","guid":{"rendered":"http:\/\/demo.sparklewpthemes.com\/constructionlight\/?page_id=416"},"modified":"2024-03-11T13:17:15","modified_gmt":"2024-03-11T12:17:15","slug":"strategy-audit","status":"publish","type":"page","link":"https:\/\/magnetic-comms.ch\/fr\/strategy-audit\/","title":{"rendered":"Strat\u00e9gie et audit"},"content":{"rendered":"<div data-elementor-type=\"wp-page\" data-elementor-id=\"416\" class=\"elementor elementor-416\">\n\t\t\t\t<div class=\"elementor-element elementor-element-53130681 e-flex e-con-boxed e-con e-parent\" data-id=\"53130681\" data-element_type=\"container\" data-e-type=\"container\">\n\t\t\t\t\t<div class=\"e-con-inner\">\n\t\t\t\t<div class=\"elementor-element elementor-element-620a51a6 elementor-widget elementor-widget-text-editor\" data-id=\"620a51a6\" data-element_type=\"widget\" data-e-type=\"widget\" data-widget_type=\"text-editor.default\">\n\t\t\t\t<div class=\"elementor-widget-container\">\n\t\t\t\t\t\t\t\t\t<p>Un bon r\u00e9cit repose sur une trame soigneusement pens\u00e9e. Gr\u00e2ce au d\u00e9veloppement d'une solide strat\u00e9gie de marketing, nous positionnons votre marque pour un maximum de r\u00e9ussite.<\/p><p>Magnetic vous conseille sur votre strat\u00e9gie et vous propose des audits afin d\u2019exploiter le potentiel de votre marque.<\/p>\t\t\t\t\t\t\t\t<\/div>\n\t\t\t\t<\/div>\n\t\t\t\t\t<\/div>\n\t\t\t\t<\/div>\n\t\t<div class=\"elementor-element elementor-element-e947deb e-flex e-con-boxed e-con e-parent\" data-id=\"e947deb\" data-element_type=\"container\" data-e-type=\"container\">\n\t\t\t\t\t<div class=\"e-con-inner\">\n\t\t\t\t<div class=\"elementor-element elementor-element-1ba879f elementor-widget elementor-widget-text-editor\" data-id=\"1ba879f\" data-element_type=\"widget\" data-e-type=\"widget\" data-widget_type=\"text-editor.default\">\n\t\t\t\t<div class=\"elementor-widget-container\">\n\t\t\t\t\t\t\t\t\t<h6><strong>Strat\u00e9gie marketing<\/strong><\/h6><p>A la base de toute entreprise florissante, il y a l\u2019\u00e9laboration d\u2019une strat\u00e9gie marketing efficace. Forts de nos 25 ans d\u2019exp\u00e9rience dans l\u2019accompagnement de marques locales, r\u00e9gionales et internationales, nous adaptons notre approche \u00e0 vos objectifs, votre public cible et votre industrie.\u00a0<\/p><p>En \u00e9troite collaboration avec vous, nous vous aidons \u00e0<\/p><ul><li aria-level=\"1\">D\u00e9finir le march\u00e9 ou le segment de march\u00e9 dans lequel se situe votre marque et mieux comprendre votre univers concurrentiel<\/li><li aria-level=\"1\">Identifier et comprendre vos clients, le r\u00f4le que joue votre produit ou service dans leur vie, les messages qu\u2019ils doivent entendre et la meilleure fa\u00e7on de les atteindre<\/li><li aria-level=\"1\">D\u00e9velopper une proposition convaincante depuis le concept ou produit jusqu\u2019\u00e0 la fixation du prix<\/li><li aria-level=\"1\">Cr\u00e9er une identit\u00e9 de marque unique, qui r\u00e9sonnera chez vos clients et vous distinguera de vos concurrents<\/li><li aria-level=\"1\">Cr\u00e9er une strat\u00e9gie de m\u00e9dias et de contenus qui permettra d\u2019atteindre vos clients au moment o\u00f9 ils sont le plus r\u00e9ceptifs, de les faire r\u00e9agir et s\u2019engager dans l\u2019achat.<\/li><\/ul><ul><li style=\"list-style-type: none;\" aria-level=\"1\">\u00a0<\/li><\/ul>\t\t\t\t\t\t\t\t<\/div>\n\t\t\t\t<\/div>\n\t\t\t\t<div class=\"elementor-element elementor-element-e0c265f elementor-widget elementor-widget-image\" data-id=\"e0c265f\" data-element_type=\"widget\" data-e-type=\"widget\" data-widget_type=\"image.default\">\n\t\t\t\t<div class=\"elementor-widget-container\">\n\t\t\t\t\t\t\t\t\t\t\t\t\t\t\t<img fetchpriority=\"high\" decoding=\"async\" width=\"1584\" height=\"438\" src=\"https:\/\/magnetic-comms.ch\/wp-content\/uploads\/2024\/02\/mcsdtbwxuzu-e1708598106991.jpg\" class=\"attachment-full size-full wp-image-29899\" alt=\"laptop computer with charts and graphs marketing strategy audit\" srcset=\"https:\/\/magnetic-comms.ch\/wp-content\/uploads\/2024\/02\/mcsdtbwxuzu-e1708598106991.jpg 1584w, https:\/\/magnetic-comms.ch\/wp-content\/uploads\/2024\/02\/mcsdtbwxuzu-e1708598106991-300x83.jpg 300w, https:\/\/magnetic-comms.ch\/wp-content\/uploads\/2024\/02\/mcsdtbwxuzu-e1708598106991-1024x283.jpg 1024w, https:\/\/magnetic-comms.ch\/wp-content\/uploads\/2024\/02\/mcsdtbwxuzu-e1708598106991-768x212.jpg 768w, https:\/\/magnetic-comms.ch\/wp-content\/uploads\/2024\/02\/mcsdtbwxuzu-e1708598106991-1536x425.jpg 1536w\" sizes=\"(max-width: 1584px) 100vw, 1584px\" \/>\t\t\t\t\t\t\t\t\t\t\t\t\t\t\t<\/div>\n\t\t\t\t<\/div>\n\t\t\t\t<div class=\"elementor-element elementor-element-a0bbcef elementor-widget elementor-widget-text-editor\" data-id=\"a0bbcef\" data-element_type=\"widget\" data-e-type=\"widget\" data-widget_type=\"text-editor.default\">\n\t\t\t\t<div class=\"elementor-widget-container\">\n\t\t\t\t\t\t\t\t\t<h6><strong>Audit marketing<\/strong><\/h6>\n<p>Votre strat\u00e9gie marketing actuelle est-elle aussi efficace qu'elle pourrait l'\u00eatre ? Nos services complets d'audit marketing \u00e9valueront vos strat\u00e9gies et votre ex\u00e9cution actuelles et vous fourniront des informations utiles pour am\u00e9liorer le retour sur investissement de vos efforts de marketing.\u00a0<\/p>\n<p>Notre audit comprend<\/p>\n<ul>\n<li aria-level=\"1\">Votre strat\u00e9gie marketing : Avez-vous fait les bons choix pour gagner ?<\/li>\n<li aria-level=\"1\">Analyse des donn\u00e9es : Plongez dans vos donn\u00e9es marketing pour identifier ce qui fonctionne et ce qui doit \u00eatre am\u00e9lior\u00e9.<\/li>\n<li aria-level=\"1\">Un examen complet de la mise en oeuvre de votre strat\u00e9gie marketing sur tous les points de contact :\n<ul>\n<li aria-level=\"2\">\u00c9valuation de site web : Examen de l'exp\u00e9rience utilisateur, du contenu et du SEO\/SEA pour vous assurer que votre site web est un outil de marketing puissant.<\/li>\n<li aria-level=\"2\">\u00c9valuation des m\u00e9dias sociaux : Examen de votre pr\u00e9sence sur les r\u00e9seaux sociaux, du contenu et de l'engagement afin d'optimiser votre port\u00e9e.<\/li>\n<li aria-level=\"2\">Examen de vos autres outils marketing, \u00e0 la fois en ligne et physiques.<\/li>\n<\/ul>\n<\/li>\n<\/ul>\t\t\t\t\t\t\t\t<\/div>\n\t\t\t\t<\/div>\n\t\t\t\t\t<\/div>\n\t\t\t\t<\/div>\n\t\t\t\t<\/div>","protected":false},"excerpt":{"rendered":"<p>At the heart of any good story lies a carefully considered plot. Through the development of a solid marketing strategy, we position your brand for&hellip;<\/p>","protected":false},"author":1,"featured_media":28894,"parent":0,"menu_order":0,"comment_status":"closed","ping_status":"closed","template":"","meta":{"_monsterinsights_skip_tracking":false,"_monsterinsights_sitenote_active":false,"_monsterinsights_sitenote_note":"","_monsterinsights_sitenote_category":0,"footnotes":""},"class_list":["post-416","page","type-page","status-publish","has-post-thumbnail","hentry"],"yoast_head":"<!-- This site is optimized with the Yoast SEO plugin v27.2 - https:\/\/yoast.com\/product\/yoast-seo-wordpress\/ -->\n<title>Strategy and audit - Magnetic Communications<\/title>\n<meta name=\"description\" content=\"Need help devising your strategy? Or keen for a fresh pair of expert eyes to provide a marketing strategy audit? We can help!\" \/>\n<meta name=\"robots\" content=\"index, follow, max-snippet:-1, max-image-preview:large, max-video-preview:-1\" \/>\n<link rel=\"canonical\" href=\"https:\/\/magnetic-comms.ch\/fr\/strategy-audit\/\" \/>\n<meta property=\"og:locale\" content=\"fr_FR\" \/>\n<meta property=\"og:type\" content=\"article\" \/>\n<meta property=\"og:title\" content=\"Strategy and audit - Magnetic Communications\" \/>\n<meta property=\"og:description\" content=\"Need help devising your strategy? Or keen for a fresh pair of expert eyes to provide a marketing strategy audit? We can help!\" \/>\n<meta property=\"og:url\" content=\"https:\/\/magnetic-comms.ch\/fr\/strategy-audit\/\" \/>\n<meta property=\"og:site_name\" content=\"Magnetic Communications\" \/>\n<meta property=\"article:modified_time\" content=\"2024-03-11T12:17:15+00:00\" \/>\n<meta property=\"og:image\" content=\"https:\/\/magnetic-comms.ch\/wp-content\/uploads\/2023\/10\/7111799.jpg\" \/>\n\t<meta property=\"og:image:width\" content=\"1280\" \/>\n\t<meta property=\"og:image:height\" content=\"699\" \/>\n\t<meta property=\"og:image:type\" content=\"image\/jpeg\" \/>\n<meta name=\"twitter:card\" content=\"summary_large_image\" \/>\n<meta name=\"twitter:label1\" content=\"Dur\u00e9e de lecture estim\u00e9e\" \/>\n\t<meta name=\"twitter:data1\" content=\"2 minutes\" \/>\n<script type=\"application\/ld+json\" class=\"yoast-schema-graph\">{\"@context\":\"https:\/\/schema.org\",\"@graph\":[{\"@type\":\"WebPage\",\"@id\":\"https:\/\/magnetic-comms.ch\/strategy-audit\/\",\"url\":\"https:\/\/magnetic-comms.ch\/strategy-audit\/\",\"name\":\"Strategy and audit - Magnetic Communications\",\"isPartOf\":{\"@id\":\"https:\/\/magnetic-comms.ch\/#website\"},\"primaryImageOfPage\":{\"@id\":\"https:\/\/magnetic-comms.ch\/strategy-audit\/#primaryimage\"},\"image\":{\"@id\":\"https:\/\/magnetic-comms.ch\/strategy-audit\/#primaryimage\"},\"thumbnailUrl\":\"https:\/\/magnetic-comms.ch\/wp-content\/uploads\/2023\/10\/7111799.jpg\",\"datePublished\":\"2019-04-19T07:05:14+00:00\",\"dateModified\":\"2024-03-11T12:17:15+00:00\",\"description\":\"Need help devising your strategy? Or keen for a fresh pair of expert eyes to provide a marketing strategy audit? We can help!\",\"breadcrumb\":{\"@id\":\"https:\/\/magnetic-comms.ch\/strategy-audit\/#breadcrumb\"},\"inLanguage\":\"fr-FR\",\"potentialAction\":[{\"@type\":\"ReadAction\",\"target\":[\"https:\/\/magnetic-comms.ch\/strategy-audit\/\"]}]},{\"@type\":\"ImageObject\",\"inLanguage\":\"fr-FR\",\"@id\":\"https:\/\/magnetic-comms.ch\/strategy-audit\/#primaryimage\",\"url\":\"https:\/\/magnetic-comms.ch\/wp-content\/uploads\/2023\/10\/7111799.jpg\",\"contentUrl\":\"https:\/\/magnetic-comms.ch\/wp-content\/uploads\/2023\/10\/7111799.jpg\",\"width\":1280,\"height\":699,\"caption\":\"business analysis\"},{\"@type\":\"BreadcrumbList\",\"@id\":\"https:\/\/magnetic-comms.ch\/strategy-audit\/#breadcrumb\",\"itemListElement\":[{\"@type\":\"ListItem\",\"position\":1,\"name\":\"Home\",\"item\":\"https:\/\/magnetic-comms.ch\/\"},{\"@type\":\"ListItem\",\"position\":2,\"name\":\"Strategy and audit\"}]},{\"@type\":\"WebSite\",\"@id\":\"https:\/\/magnetic-comms.ch\/#website\",\"url\":\"https:\/\/magnetic-comms.ch\/\",\"name\":\"Magnetic Communications\",\"description\":\"Marketing and communications agency in Geneva\",\"publisher\":{\"@id\":\"https:\/\/magnetic-comms.ch\/#organization\"},\"alternateName\":\"Magnetic\",\"inLanguage\":\"fr-FR\"},{\"@type\":\"Organization\",\"@id\":\"https:\/\/magnetic-comms.ch\/#organization\",\"name\":\"Magnetic Communications\",\"alternateName\":\"Magnetic\",\"url\":\"https:\/\/magnetic-comms.ch\/\",\"logo\":{\"@type\":\"ImageObject\",\"inLanguage\":\"fr-FR\",\"@id\":\"https:\/\/magnetic-comms.ch\/#\/schema\/logo\/image\/\",\"url\":\"https:\/\/magnetic-comms.ch\/wp-content\/uploads\/2023\/10\/cropped-cropped-cropped-Logo_1_black-1-1.png\",\"contentUrl\":\"https:\/\/magnetic-comms.ch\/wp-content\/uploads\/2023\/10\/cropped-cropped-cropped-Logo_1_black-1-1.png\",\"width\":200,\"height\":200,\"caption\":\"Magnetic Communications\"},\"image\":{\"@id\":\"https:\/\/magnetic-comms.ch\/#\/schema\/logo\/image\/\"},\"sameAs\":[\"https:\/\/www.linkedin.com\/company\/magnetic-communications\/\"]}]}<\/script>\n<!-- \/ Yoast SEO plugin. -->","yoast_head_json":{"title":"Strategy and audit - Magnetic Communications","description":"Need help devising your strategy? Or keen for a fresh pair of expert eyes to provide a marketing strategy audit? We can help!","robots":{"index":"index","follow":"follow","max-snippet":"max-snippet:-1","max-image-preview":"max-image-preview:large","max-video-preview":"max-video-preview:-1"},"canonical":"https:\/\/magnetic-comms.ch\/fr\/strategy-audit\/","og_locale":"fr_FR","og_type":"article","og_title":"Strategy and audit - Magnetic Communications","og_description":"Need help devising your strategy? Or keen for a fresh pair of expert eyes to provide a marketing strategy audit? We can help!","og_url":"https:\/\/magnetic-comms.ch\/fr\/strategy-audit\/","og_site_name":"Magnetic Communications","article_modified_time":"2024-03-11T12:17:15+00:00","og_image":[{"width":1280,"height":699,"url":"https:\/\/magnetic-comms.ch\/wp-content\/uploads\/2023\/10\/7111799.jpg","type":"image\/jpeg"}],"twitter_card":"summary_large_image","twitter_misc":{"Dur\u00e9e de lecture estim\u00e9e":"2 minutes"},"schema":{"@context":"https:\/\/schema.org","@graph":[{"@type":"WebPage","@id":"https:\/\/magnetic-comms.ch\/strategy-audit\/","url":"https:\/\/magnetic-comms.ch\/strategy-audit\/","name":"Strategy and audit - Magnetic Communications","isPartOf":{"@id":"https:\/\/magnetic-comms.ch\/#website"},"primaryImageOfPage":{"@id":"https:\/\/magnetic-comms.ch\/strategy-audit\/#primaryimage"},"image":{"@id":"https:\/\/magnetic-comms.ch\/strategy-audit\/#primaryimage"},"thumbnailUrl":"https:\/\/magnetic-comms.ch\/wp-content\/uploads\/2023\/10\/7111799.jpg","datePublished":"2019-04-19T07:05:14+00:00","dateModified":"2024-03-11T12:17:15+00:00","description":"Need help devising your strategy? Or keen for a fresh pair of expert eyes to provide a marketing strategy audit? We can help!","breadcrumb":{"@id":"https:\/\/magnetic-comms.ch\/strategy-audit\/#breadcrumb"},"inLanguage":"fr-FR","potentialAction":[{"@type":"ReadAction","target":["https:\/\/magnetic-comms.ch\/strategy-audit\/"]}]},{"@type":"ImageObject","inLanguage":"fr-FR","@id":"https:\/\/magnetic-comms.ch\/strategy-audit\/#primaryimage","url":"https:\/\/magnetic-comms.ch\/wp-content\/uploads\/2023\/10\/7111799.jpg","contentUrl":"https:\/\/magnetic-comms.ch\/wp-content\/uploads\/2023\/10\/7111799.jpg","width":1280,"height":699,"caption":"business analysis"},{"@type":"BreadcrumbList","@id":"https:\/\/magnetic-comms.ch\/strategy-audit\/#breadcrumb","itemListElement":[{"@type":"ListItem","position":1,"name":"Home","item":"https:\/\/magnetic-comms.ch\/"},{"@type":"ListItem","position":2,"name":"Strategy and audit"}]},{"@type":"WebSite","@id":"https:\/\/magnetic-comms.ch\/#website","url":"https:\/\/magnetic-comms.ch\/","name":"Magnetic Communications","description":"Agence de marketing et communication \u00e0 Gen\u00e8ve","publisher":{"@id":"https:\/\/magnetic-comms.ch\/#organization"},"alternateName":"Magnetic","inLanguage":"fr-FR"},{"@type":"Organization","@id":"https:\/\/magnetic-comms.ch\/#organization","name":"Magnetic Communications","alternateName":"Magnetic","url":"https:\/\/magnetic-comms.ch\/","logo":{"@type":"ImageObject","inLanguage":"fr-FR","@id":"https:\/\/magnetic-comms.ch\/#\/schema\/logo\/image\/","url":"https:\/\/magnetic-comms.ch\/wp-content\/uploads\/2023\/10\/cropped-cropped-cropped-Logo_1_black-1-1.png","contentUrl":"https:\/\/magnetic-comms.ch\/wp-content\/uploads\/2023\/10\/cropped-cropped-cropped-Logo_1_black-1-1.png","width":200,"height":200,"caption":"Magnetic Communications"},"image":{"@id":"https:\/\/magnetic-comms.ch\/#\/schema\/logo\/image\/"},"sameAs":["https:\/\/www.linkedin.com\/company\/magnetic-communications\/"]}]}},"_links":{"self":[{"href":"https:\/\/magnetic-comms.ch\/fr\/wp-json\/wp\/v2\/pages\/416","targetHints":{"allow":["GET"]}}],"collection":[{"href":"https:\/\/magnetic-comms.ch\/fr\/wp-json\/wp\/v2\/pages"}],"about":[{"href":"https:\/\/magnetic-comms.ch\/fr\/wp-json\/wp\/v2\/types\/page"}],"author":[{"embeddable":true,"href":"https:\/\/magnetic-comms.ch\/fr\/wp-json\/wp\/v2\/users\/1"}],"replies":[{"embeddable":true,"href":"https:\/\/magnetic-comms.ch\/fr\/wp-json\/wp\/v2\/comments?post=416"}],"version-history":[{"count":75,"href":"https:\/\/magnetic-comms.ch\/fr\/wp-json\/wp\/v2\/pages\/416\/revisions"}],"predecessor-version":[{"id":30151,"href":"https:\/\/magnetic-comms.ch\/fr\/wp-json\/wp\/v2\/pages\/416\/revisions\/30151"}],"wp:featuredmedia":[{"embeddable":true,"href":"https:\/\/magnetic-comms.ch\/fr\/wp-json\/wp\/v2\/media\/28894"}],"wp:attachment":[{"href":"https:\/\/magnetic-comms.ch\/fr\/wp-json\/wp\/v2\/media?parent=416"}],"curies":[{"name":"wp","href":"https:\/\/api.w.org\/{rel}","templated":true}]}}